{"id":1513,"date":"2021-04-20T15:24:48","date_gmt":"2021-04-20T18:24:48","guid":{"rendered":"https:\/\/abfit.org.br\/conti-2021\/?page_id=1513"},"modified":"2021-05-26T09:53:53","modified_gmt":"2021-05-26T12:53:53","slug":"envio-de-trabalhos","status":"publish","type":"page","link":"https:\/\/abfit.org.br\/conti-2021\/trabalhos-cientificos\/envio-de-trabalhos\/","title":{"rendered":"Envio de trabalhos"},"content":{"rendered":"<h3 style=\"text-align: center;\">Instru\u00e7\u00f5es de preenchimento<\/h3>\n<ol>\n<li><strong>T\u00edtulo:<\/strong>\u00a0escrever o t\u00edtulo do trabalho cient\u00edfico em letras MAI\u00daSCULAS;<\/li>\n<li><strong>T\u00edtulo em ingl\u00eas:<\/strong>\u00a0seguir a mesma instru\u00e7\u00e3o para o t\u00edtulo original;<\/li>\n<li><strong>\u00c1rea:<\/strong>\u00a0escolher a \u00e1rea relacionada;<\/li>\n<li><strong>Tipo de Apresenta\u00e7\u00e3o:<\/strong>\u00a0escolher P\u00f4ster<\/li>\n<li><strong>Descri\u00e7\u00e3o resumida do trabalho &#8211; Caixa de Texto (formul\u00e1rio):<\/strong>\u00a0nesta caixa de texto voc\u00ea dever\u00e1 inserir o texto do seu trabalho cient\u00edfico.<br \/>\n\u00c9 proibido incluir na caixa de texto: t\u00edtulo, autores, institui\u00e7\u00f5es, figuras ou tabelas.<br \/>\nO resumo dever\u00e1 ser escrito em l\u00edngua portuguesa (portugu\u00eas do Brasil) e dever\u00e1 conter no m\u00e1ximo 3000 caracteres, sem espa\u00e7o. Durante o preenchimento do resumo, o pr\u00f3prio programa far\u00e1 a contagem dos caracteres disponibilizando a informa\u00e7\u00e3o na tela, avisando quando atingir o limite. O resumo dever\u00e1 conter a seguinte sequ\u00eancia estrutural: introdu\u00e7\u00e3o, objetivos, m\u00e9todos<span style=\"color: #cc0000;\">*<\/span>, resultados e conclus\u00e3o. O texto n\u00e3o deve ser dividido em sess\u00f5es e o resumo ser\u00e1 publicado exatamente na forma que for encaminhado. N\u00e3o h\u00e1 formata\u00e7\u00e3o espec\u00edfica quanto ao tipo e tamanho de fonte, pois o programa assumir\u00e1 uma formata\u00e7\u00e3o padr\u00e3o autom\u00e1tico. N\u00e3o \u00e9 recomend\u00e1vel copiar e colar o texto em arquivo do Word para o quadro na internet \u2013 se o resumo contiver caracteres especiais tipo negrito, it\u00e1lico ou letras gregas, este perder\u00e1 a formata\u00e7\u00e3o.<br \/>\n<span style=\"color: #cc0000;\">*<\/span> Descrever com detalhes as t\u00e9cnicas utilizadas e inserir os materiais e\/ou equipamentos na descri\u00e7\u00e3o com as respectivas marcas. O m\u00e9todo de an\u00e1lise dever\u00e1 ser descrito. Mencionar Termo de Consentimento Livre e Esclarecido &#8211; TCLE (quando aplic\u00e1vel), cujo n\u00famero do protocolo de aprova\u00e7\u00e3o dever\u00e1 ser informado no corpo do texto destinado a este item.<\/li>\n<li><strong>Resumo \u2013 Arquivo Word:<\/strong>\u00a0voc\u00ea dever\u00e1 anexar um arquivo em Word (doc. ou docx.), no tamanho m\u00e1ximo de 2MB, com o seu trabalho cient\u00edfico incluindo t\u00edtulo, autores, institui\u00e7\u00f5es e o texto do trabalho cient\u00edfico.<br \/>\nEste arquivo ser\u00e1 utilizado no Livro de Resumos.<br \/>\n<a href=\"https:\/\/abfit.org.br\/conti-2021\/wp-content\/uploads\/modelo-resumo-ii-conti.docx\" target=\"_blank\" rel=\"noopener\">Clique aqui para baixar o modelo do resumo em Word<\/a>.<\/li>\n<li><strong>Autores:<\/strong>\u00a0preencha com nome completo, nome abreviado, o formato do seu nome no certificado, quem \u00e9 o autor principal e a institui\u00e7\u00e3o. Essas informa\u00e7\u00f5es ser\u00e3o utilizadas para confec\u00e7\u00e3o do certificado de trabalho cient\u00edfico.<\/li>\n<li><strong>Concordar com as Regras de Submiss\u00e3o;<\/strong><\/li>\n<\/ol>\n<p><span style=\"color: #cc0000;\">Todos os campos s\u00e3o obrigat\u00f3rios!<\/span><\/p>\n<p class=\"wpcf7-subscribers-only\">Este formul\u00e1rio de contato est\u00e1 dispon\u00edvel apenas para usu\u00e1rios conectados.<\/p>\n","protected":false},"excerpt":{"rendered":"<p>Instru\u00e7\u00f5es de preenchimento T\u00edtulo:\u00a0escrever o t\u00edtulo do trabalho cient\u00edfico em letras MAI\u00daSCULAS; T\u00edtulo em ingl\u00eas:\u00a0seguir a mesma instru\u00e7\u00e3o para o t\u00edtulo original; \u00c1rea:\u00a0escolher a \u00e1rea relacionada; Tipo de Apresenta\u00e7\u00e3o:\u00a0escolher P\u00f4ster Descri\u00e7\u00e3o resumida do trabalho &#8211; Caixa de Texto (formul\u00e1rio):\u00a0nesta caixa de texto voc\u00ea dever\u00e1 inserir o texto do seu trabalho cient\u00edfico. \u00c9 proibido incluir na&#8230; <\/p>\n<div class=\"link-more\"><a href=\"https:\/\/abfit.org.br\/conti-2021\/trabalhos-cientificos\/envio-de-trabalhos\/\">Leia mais<\/a><\/div>\n","protected":false},"author":1,"featured_media":0,"parent":32,"menu_order":0,"comment_status":"closed","ping_status":"closed","template":"page-restricted.php","meta":{"jetpack_post_was_ever_published":false,"footnotes":""},"jetpack_sharing_enabled":true,"jetpack_shortlink":"https:\/\/wp.me\/Pb7BRz-op","jetpack-related-posts":[],"_links":{"self":[{"href":"https:\/\/abfit.org.br\/conti-2021\/wp-json\/wp\/v2\/pages\/1513"}],"collection":[{"href":"https:\/\/abfit.org.br\/conti-2021\/wp-json\/wp\/v2\/pages"}],"about":[{"href":"https:\/\/abfit.org.br\/conti-2021\/wp-json\/wp\/v2\/types\/page"}],"author":[{"embeddable":true,"href":"https:\/\/abfit.org.br\/conti-2021\/wp-json\/wp\/v2\/users\/1"}],"replies":[{"embeddable":true,"href":"https:\/\/abfit.org.br\/conti-2021\/wp-json\/wp\/v2\/comments?post=1513"}],"version-history":[{"count":5,"href":"https:\/\/abfit.org.br\/conti-2021\/wp-json\/wp\/v2\/pages\/1513\/revisions"}],"predecessor-version":[{"id":1542,"href":"https:\/\/abfit.org.br\/conti-2021\/wp-json\/wp\/v2\/pages\/1513\/revisions\/1542"}],"up":[{"embeddable":true,"href":"https:\/\/abfit.org.br\/conti-2021\/wp-json\/wp\/v2\/pages\/32"}],"wp:attachment":[{"href":"https:\/\/abfit.org.br\/conti-2021\/wp-json\/wp\/v2\/media?parent=1513"}],"curies":[{"name":"wp","href":"https:\/\/api.w.org\/{rel}","templated":true}]}}