{"id":30,"date":"2016-05-31T19:00:19","date_gmt":"2016-05-31T22:00:19","guid":{"rendered":"https:\/\/jornadafitorj.wordpress.com\/programacao\/"},"modified":"2020-03-31T14:56:05","modified_gmt":"2020-03-31T17:56:05","slug":"programacao","status":"publish","type":"page","link":"https:\/\/abfit.org.br\/conti-2021\/programacao\/","title":{"rendered":"Programa\u00e7\u00e3o"},"content":{"rendered":"<hr \/>\n<h1 style=\"text-align: center;\"><strong>II CONTI- ABFIT 2021<\/strong><\/h1>\n<h1 style=\"text-align: center;\"><strong>GRADE DE PROGRAMA\u00c7\u00c3O PRELIMINAR<\/strong><\/h1>\n<p>&nbsp;<\/p>\n<h2 style=\"text-align: center;\"><span style=\"color: #333333;\">DIA 06.08.2021 \u2013 sexta-feira<\/span><\/h2>\n\n<table id=\"tablepress-3\" class=\"tablepress tablepress-id-3\">\n<tbody class=\"row-hover\">\n<tr class=\"row-1 odd\">\n\t<td class=\"column-1\">HOR\u00c1RIO<\/td><td class=\"column-2\">PALESTRANTE<\/td><td class=\"column-3\">TEMA<\/td>\n<\/tr>\n<tr class=\"row-2 even\">\n\t<td class=\"column-1\">8h00&nbsp;-&nbsp;8h30<\/td><td class=\"column-2\"><\/td><td class=\"column-3\">Secretaria - Entrega de Material<\/td>\n<\/tr>\n<tr class=\"row-3 odd\">\n\t<td class=\"column-1\">8h30<\/td><td class=\"column-2\">Maria Ang\u00e9lica Fiut (nutricionista)<\/td><td class=\"column-3\">Palestra de abertura - Pratica cl\u00ednica - Panorama do atendimento no Ambulat\u00f3rio de Fitoterapia do Hospital Federal do Andara\u00ed<\/td>\n<\/tr>\n<tr class=\"row-4 even\">\n\t<td class=\"column-1\">9h30<\/td><td class=\"column-2\"> Carla Holandino (farmac\u00eautica)<\/td><td class=\"column-3\">Homeopatia- Comprova\u00e7\u00e3o cient\u00edfica<\/td>\n<\/tr>\n<tr class=\"row-5 odd\">\n\t<td class=\"column-1\">10h00&nbsp;-&nbsp;10h30<\/td><td class=\"column-2\"><\/td><td class=\"column-3\">COFFEE BREAK - VISITA AOS ESTANDES<\/td>\n<\/tr>\n<tr class=\"row-6 even\">\n\t<td class=\"column-1\">10h30<\/td><td class=\"column-2\"> Juliana Gon\u00e7alves (nutricionista) Glaucia Saad (m\u00e9dica). Moderadora: Maria Cristina Ferreira (farmac\u00eautica)<\/td><td class=\"column-3\">PAINEL DE DISCUSS\u00c3O:<br \/>\nRisco Card\u00edaco Associado ao Excesso de Peso em pacientes p\u00f3s-covid<\/td>\n<\/tr>\n<tr class=\"row-7 odd\">\n\t<td class=\"column-1\">12h00&nbsp;-&nbsp;13h30<\/td><td class=\"column-2\"><\/td><td class=\"column-3\">Almo\u00e7o - Visita aos Estandes<\/td>\n<\/tr>\n<tr class=\"row-8 even\">\n\t<td class=\"column-1\">14h00<\/td><td class=\"column-2\">Leandro Medeiros (farmac\u00eautico)<\/td><td class=\"column-3\">Manejo da fadiga em pacientes p\u00f3s covid- perspectiva da fitoterapia cient\u00edfica<\/td>\n<\/tr>\n<tr class=\"row-9 odd\">\n\t<td class=\"column-1\">14h30<\/td><td class=\"column-2\">Farmac\u00eauticos: Leopoldo Baratto, Nilsa Wadt .  Moderadora: Maria Berhens<\/td><td class=\"column-3\">PAINEL DE DISCUSS\u00c3O:<br \/>\nPadroniza\u00e7\u00e3o de Fitoter\u00e1picos no Brasil. O que esperar? <\/td>\n<\/tr>\n<tr class=\"row-10 even\">\n\t<td class=\"column-1\">16h00&nbsp;-&nbsp;16h30<\/td><td class=\"column-2\"><\/td><td class=\"column-3\">COFFEE BREAK- VISITA AOS STANDES<\/td>\n<\/tr>\n<tr class=\"row-11 odd\">\n\t<td class=\"column-1\">16h30<\/td><td class=\"column-2\">Jackeline Barbosa (m\u00e9dica)<\/td><td class=\"column-3\">O contexto da pesquisa com Cannabis no Brasil<\/td>\n<\/tr>\n<tr class=\"row-12 even\">\n\t<td class=\"column-1\">17h15&nbsp;-&nbsp;18h15<\/td><td class=\"column-2\">Jorge Alonso (m\u00e9dico)<\/td><td class=\"column-3\">Tratamento dos pacientes no covid e p\u00f3s covid: abordagem fitoter\u00e1pica e ortomolecular<\/td>\n<\/tr>\n<\/tbody>\n<\/table>\n<!-- #tablepress-3 from cache -->\n<h2 style=\"text-align: center;\"><span style=\"color: #333333;\">DIA 07.08.2021 \u2013 s\u00e1bado<\/span><\/h2>\n\n<table id=\"tablepress-4\" class=\"tablepress tablepress-id-4\">\n<tbody class=\"row-hover\">\n<tr class=\"row-1 odd\">\n\t<td class=\"column-1\">HOR\u00c1RIO<\/td><td class=\"column-2\">PALESTRANTE<\/td><td class=\"column-3\">TEMA<\/td>\n<\/tr>\n<tr class=\"row-2 even\">\n\t<td class=\"column-1\">8h00&nbsp;-&nbsp;8h30<\/td><td class=\"column-2\"><\/td><td class=\"column-3\">Secretaria - Entrega de Material<\/td>\n<\/tr>\n<tr class=\"row-3 odd\">\n\t<td class=\"column-1\">8h30<\/td><td class=\"column-2\">Clovis Orlando da Fonseca (M\u00e9dico)<\/td><td class=\"column-3\">C\u00e2ncer - Tratamento com \u00c1lcool Per\u00edlico<\/td>\n<\/tr>\n<tr class=\"row-4 even\">\n\t<td class=\"column-1\">9h30<\/td><td class=\"column-2\">Aderson Moreira (m\u00e9dico)<\/td><td class=\"column-3\">Fitoterapia nos dist\u00farbios m\u00fasculosesquel\u00e9ticos: uma abordagem integrativa<\/td>\n<\/tr>\n<tr class=\"row-5 odd\">\n\t<td class=\"column-1\">10h00&nbsp;-&nbsp;10h30<\/td><td class=\"column-2\"><\/td><td class=\"column-3\">COFFEE BREAK - VISITA AOS ESTANDES<\/td>\n<\/tr>\n<tr class=\"row-6 even\">\n\t<td class=\"column-1\">10h30<\/td><td class=\"column-2\">Vanderli Marchiori (nutricionista),   Ricardo Calmont (m\u00e9dico) e Sheila Garcia (farmac\u00eautica). Moderadora: Ang\u00e9lica Fiut (nutricionista)<\/td><td class=\"column-3\">PAINEL DE DISCUSS\u00c3O:<br \/>\nPr\u00e1tica Cl\u00ednica - Transtornos Alimentares com Pr\u00e1ticas Integr\u00e1ticas e Complementares em Sa\u00fade (PICS)- vis\u00e3o da fitoterapia, acupuntura e floral<\/td>\n<\/tr>\n<tr class=\"row-7 odd\">\n\t<td class=\"column-1\">12h00&nbsp;-&nbsp;13h30<\/td><td class=\"column-2\"><\/td><td class=\"column-3\">Almo\u00e7o - Visita aos Estandes<\/td>\n<\/tr>\n<tr class=\"row-8 even\">\n\t<td class=\"column-1\">14h00<\/td><td class=\"column-2\">Fernanda Drumond (nutricionista)<\/td><td class=\"column-3\">Fitoativos usados no tratamento do estresse oxidativo<\/td>\n<\/tr>\n<tr class=\"row-9 odd\">\n\t<td class=\"column-1\">14h30<\/td><td class=\"column-2\">M\u00e9dicos: Juarez Araujo, Alex Botsaris e Guilhermina Guanaes.  Moderador: Antonio Seixlack<\/td><td class=\"column-3\">PAINEL DE DISCUSS\u00c3O:<br \/>\nDoen\u00e7as Neurodegenerativas - Vis\u00e3o da Antroposofia, Fitoterapia e Ortomolecular<\/td>\n<\/tr>\n<tr class=\"row-10 even\">\n\t<td class=\"column-1\">15h30&nbsp;-&nbsp;16h00<\/td><td class=\"column-2\"><\/td><td class=\"column-3\">COFFEE BREAK- VISITA AOS STANDES<\/td>\n<\/tr>\n<tr class=\"row-11 odd\">\n\t<td class=\"column-1\">16h00<\/td><td class=\"column-2\">Jorge Alonso (m\u00e9dico)<\/td><td class=\"column-3\">Fibromialgia: Abordagem Fitoter\u00e1pica e Ortomolecular<\/td>\n<\/tr>\n<tr class=\"row-12 even\">\n\t<td class=\"column-1\">17h30<\/td><td class=\"column-2\"><\/td><td class=\"column-3\">Encerramento - Resultados dos Trabalhos<\/td>\n<\/tr>\n<\/tbody>\n<\/table>\n<!-- #tablepress-4 from cache -->\n","protected":false},"excerpt":{"rendered":"<p>II CONTI- ABFIT 2021 GRADE DE PROGRAMA\u00c7\u00c3O PRELIMINAR &nbsp; DIA 06.08.2021 \u2013 sexta-feira DIA 07.08.2021 \u2013 s\u00e1bado<\/p>\n","protected":false},"author":1,"featured_media":0,"parent":0,"menu_order":0,"comment_status":"closed","ping_status":"closed","template":"","meta":{"jetpack_post_was_ever_published":false,"footnotes":""},"jetpack_sharing_enabled":true,"jetpack_shortlink":"https:\/\/wp.me\/Pb7BRz-u","jetpack-related-posts":[],"_links":{"self":[{"href":"https:\/\/abfit.org.br\/conti-2021\/wp-json\/wp\/v2\/pages\/30"}],"collection":[{"href":"https:\/\/abfit.org.br\/conti-2021\/wp-json\/wp\/v2\/pages"}],"about":[{"href":"https:\/\/abfit.org.br\/conti-2021\/wp-json\/wp\/v2\/types\/page"}],"author":[{"embeddable":true,"href":"https:\/\/abfit.org.br\/conti-2021\/wp-json\/wp\/v2\/users\/1"}],"replies":[{"embeddable":true,"href":"https:\/\/abfit.org.br\/conti-2021\/wp-json\/wp\/v2\/comments?post=30"}],"version-history":[{"count":41,"href":"https:\/\/abfit.org.br\/conti-2021\/wp-json\/wp\/v2\/pages\/30\/revisions"}],"predecessor-version":[{"id":1414,"href":"https:\/\/abfit.org.br\/conti-2021\/wp-json\/wp\/v2\/pages\/30\/revisions\/1414"}],"wp:attachment":[{"href":"https:\/\/abfit.org.br\/conti-2021\/wp-json\/wp\/v2\/media?parent=30"}],"curies":[{"name":"wp","href":"https:\/\/api.w.org\/{rel}","templated":true}]}}