{"id":376,"date":"2016-07-15T18:01:25","date_gmt":"2016-07-15T21:01:25","guid":{"rendered":"http:\/\/abfit.org.br\/conti-2018\/?page_id=376"},"modified":"2018-08-23T14:50:11","modified_gmt":"2018-08-23T17:50:11","slug":"palestras","status":"publish","type":"page","link":"https:\/\/abfit.org.br\/conti-2021\/palestras\/","title":{"rendered":"Palestras"},"content":{"rendered":"<p>Seguem as palestras realizadas durante o I CONTI-ABFIT 2018. Elas est\u00e3o dispostas na ordem que ocorreram nos dias 10 e 11 de agosto de 2018. Relembramos que os documentos s\u00e3o pass\u00edveis de cita\u00e7\u00e3o em trabalhos acad\u00eamicos. Cada palestra \u00e9 uma propriedade intelectual com todas as implica\u00e7\u00f5es de seu uso.<\/p>\n<h3>Dia 10<\/h3>\n<ol>\n<li><a href=\"https:\/\/abfit.org.br\/conti-2021\/wp-content\/uploads\/2018\/08\/dia-10-abertura-Alex-Botsaris.pdf\" target=\"_blank\" rel=\"noopener\">Fitoterapia na dor<\/a> \u2013 <span style=\"color: #ff9900;\"><em>Alex Botsaris<\/em><\/span><\/li>\n<li><a href=\"https:\/\/abfit.org.br\/conti-2021\/wp-content\/uploads\/2018\/08\/dia-10-mesa-autismo-Aurea-Astulla.pdf\" target=\"_blank\" rel=\"noopener\">Abordagem no paciente Autista: o que podemos suplementar?<\/a>\u00a0\u2013 <span style=\"color: #ff9900;\"><em>Aurea Regina Astulla<\/em><\/span><\/li>\n<li><a href=\"https:\/\/abfit.org.br\/conti-2021\/wp-content\/uploads\/2018\/08\/dia-10-mesa-d\u00favidas-de-prescri\u00e7\u00e3o-Deborah-Marques.pdf\" target=\"_blank\" rel=\"noopener\">Hora da verdade: principais d\u00favidas na prescri\u00e7\u00e3o de fitoter\u00e1picos e nutrac\u00eauticos pelos profissionais de sa\u00fade<\/a>\u00a0\u2013\u00a0<span style=\"color: #ff9900;\"><em>Deborah Marques<\/em><\/span><\/li>\n<li><a href=\"https:\/\/abfit.org.br\/conti-2021\/wp-content\/uploads\/2018\/08\/dia-10-mesa-d\u00favidas-de-prescri\u00e7\u00e3o-Gabriella-Deutsch-.pdf\" target=\"_blank\" rel=\"noopener\">Hora da verdade: principais d\u00favidas na prescri\u00e7\u00e3o de fitoter\u00e1picos e nutrac\u00eauticos pelos profissionais de sa\u00fade<\/a>\u00a0\u2013\u00a0<span style=\"color: #ff9900;\"><em>Gabriella Deutsch<\/em><\/span><\/li>\n<li><a href=\"https:\/\/abfit.org.br\/conti-2021\/wp-content\/uploads\/2018\/08\/dia-10-Palestra-Inflama\u00e7\u00e3o-Vanderli-Marchiori.pdf\" target=\"_blank\" rel=\"noopener\">Interven\u00e7\u00f5es na inflama\u00e7\u00e3o: fitoterapia, suplementa\u00e7\u00e3o e alimenta\u00e7\u00e3o<\/a>\u00a0\u2013\u00a0<span style=\"color: #ff9900;\"><em>Vanderli Marchiori<\/em><\/span><\/li>\n<li><a href=\"https:\/\/abfit.org.br\/conti-2021\/wp-content\/uploads\/2018\/08\/dia-10-Palestra-florien-Patricia-Correa-.pdf\" target=\"_blank\" rel=\"noopener\">Prescri\u00e7\u00e3o de Fitoativos: Inova\u00e7\u00f5es e estrat\u00e9gias para formula\u00e7\u00f5es (Palestra Florien)<\/a>\u00a0\u2013\u00a0<span style=\"color: #ff9900;\"><em>Patricia Correa<\/em><\/span><\/li>\n<li><a href=\"https:\/\/abfit.org.br\/conti-2021\/wp-content\/uploads\/2018\/08\/Dia-10-mesa-empresas-Paula-Pezzatti.pdf\" target=\"_blank\" rel=\"noopener\">O mercado da Fitoterapia Magistral Brasileiro. Quais as atuais e futuras tend\u00eancias?<\/a> \u2013 <span style=\"color: #ff9900;\"><em>Paula Pezzatti<\/em><\/span><\/li>\n<li><a href=\"https:\/\/abfit.org.br\/conti-2021\/wp-content\/uploads\/2018\/08\/dia-10-mesa-empresas-Apresenta\u00e7\u00e3o-Agenor.pdf\" target=\"_blank\" rel=\"noopener\">O mercado da Fitoterapia Magistral Brasileiro. Quais as atuais e futuras tend\u00eancias?<\/a> \u2013 <span style=\"color: #ff9900;\"><em>Agenor Giuliette<\/em><\/span><\/li>\n<li><a href=\"https:\/\/abfit.org.br\/conti-2021\/wp-content\/uploads\/2018\/08\/dia-10-mesa-empresas-Claudia-Koehler.pdf\" target=\"_blank\" rel=\"noopener\">O mercado da Fitoterapia Magistral Brasileiro. Quais as atuais e futuras tend\u00eancias?<\/a> \u2013<span style=\"color: #ff9900;\"> <em>Claudia Koehler<\/em><\/span><\/li>\n<li><a href=\"https:\/\/abfit.org.br\/conti-2021\/wp-content\/uploads\/2018\/08\/dia-10-palestra-saude-da-pele-Vanessa-Suzuki-.pdf\" target=\"_blank\" rel=\"noopener\">Sa\u00fade da pele: o que pode ser feito?<\/a>\u00a0\u2013\u00a0<span style=\"color: #ff9900;\"><em>Vanessa Suzuki<\/em><\/span><\/li>\n<li><a href=\"https:\/\/abfit.org.br\/conti-2021\/wp-content\/uploads\/2018\/08\/dia-10-mesa-feridas-Gabriela-Deutsch.pdf\" target=\"_blank\" rel=\"noopener\">PR\u00c1TICA CL\u00cdNICA: Uso de plantas medicinais no tratamento de ferida<\/a> \u2013\u00a0<span style=\"color: #ff9900;\"><em>Gabriella Deutsch<\/em><\/span><\/li>\n<li><a href=\"https:\/\/abfit.org.br\/conti-2021\/wp-content\/uploads\/2018\/08\/dia-10-palestra-atividade-f\u00edsica-Fernanda-Pinto.pdf\" target=\"_blank\" rel=\"noopener\">Fitoter\u00e1picos e hipertrofia muscular na pr\u00e1tica esportiva<\/a>\u00a0\u2013\u00a0<span style=\"color: #ff9900;\"><em>Fernanda Pinto<\/em><\/span><\/li>\n<\/ol>\n<h3>Dia 11<\/h3>\n<ol>\n<li><a href=\"https:\/\/abfit.org.br\/conti-2021\/wp-content\/uploads\/2018\/08\/dia-11-mesa-dispepsia-Alcio-Gomes-11-08.pdf\" target=\"_blank\" rel=\"noopener\">Dispepsia na vis\u00e3o da Medicina Tradicional Chinesa &#8211; Acupuntura e Fitoterapia<\/a> \u2013 <span style=\"color: #ff9900;\"><em>Alcio Gomes<\/em><\/span><\/li>\n<li><a href=\"https:\/\/abfit.org.br\/conti-2021\/wp-content\/uploads\/2018\/08\/dia-11-mesa-dispepsia-Antonio-Carlos-.pdf\" target=\"_blank\" rel=\"noopener\">Dispepsia na vis\u00e3o da Medicina Tradicional Chinesa &#8211; Acupuntura e Fitoterapia<\/a> \u2013<em><span style=\"color: #ff9900;\"> Antonio Carlos<\/span><\/em><\/li>\n<li><a href=\"https:\/\/abfit.org.br\/conti-2021\/wp-content\/uploads\/2018\/08\/dia-11-palestra-probiotico-Francine-Schutz-.pdf\" target=\"_blank\" rel=\"noopener\">O uso de probi\u00f3ticos na constipa\u00e7\u00e3o intestinal<\/a> \u2013<span style=\"color: #ff9900;\"><em> Francine Schutz<\/em><\/span><\/li>\n<li><a href=\"https:\/\/abfit.org.br\/conti-2021\/wp-content\/uploads\/2018\/08\/dia-11-mesa-s\u00edndrome-metab\u00f3lica-Maria-Angelica-Fiut.pdf\" target=\"_blank\" rel=\"noopener\">PR\u00c1TICA CL\u00cdNICA: O que realmente funciona na s\u00edndrome metab\u00f3lica?<\/a> \u2013 <span style=\"color: #ff9900;\"><em>Maria Angelica Fiut<\/em><\/span><\/li>\n<li><a href=\"https:\/\/abfit.org.br\/conti-2021\/wp-content\/uploads\/2018\/08\/dia-11-mesa-sindrome-metab\u00f3lica-Vanderli-Marchiori-.pdf\" target=\"_blank\" rel=\"noopener\">PR\u00c1TICA CL\u00cdNICA: O que realmente funciona na s\u00edndrome metab\u00f3lica?<\/a> \u2013 <span style=\"color: #ff9900;\"><em>Vanderli Marchiori<\/em><\/span><\/li>\n<li><a href=\"https:\/\/abfit.org.br\/conti-2021\/wp-content\/uploads\/2018\/08\/dia-11-mesa-sindromemetab\u00f3lica-Juliana-Goncalves-.pdf\" target=\"_blank\" rel=\"noopener\">PR\u00c1TICA CL\u00cdNICA: O que realmente funciona na s\u00edndrome metab\u00f3lica?<\/a> \u2013 <em><span style=\"color: #ff9900;\">Juliana Goncalves<\/span><\/em><\/li>\n<li><a href=\"https:\/\/abfit.org.br\/conti-2021\/wp-content\/uploads\/2018\/08\/dia-11-fitogastronomia-Sonja-Salles-.pdf\" target=\"_blank\" rel=\"noopener\">Fitogastronomia<\/a>\u00a0\u2013\u00a0<span style=\"color: #ff9900;\"><em>Sonja Salles<\/em><\/span><\/li>\n<li><a href=\"https:\/\/abfit.org.br\/conti-2021\/wp-content\/uploads\/2018\/08\/dia-11-palestra-catarinense-Eduardo-Oliveira.pdf\" target=\"_blank\" rel=\"noopener\">Mitos e verdades: Fitoter\u00e1picos e F\u00edgado &#8211; Suplementos e C\u00e9rebro (Palestra Catarinense Pharma)<\/a>\u00a0\u2013 <span style=\"color: #ff9900;\"><em>Eduardo Oliveira<\/em><\/span><\/li>\n<li><a href=\"https:\/\/abfit.org.br\/conti-2021\/wp-content\/uploads\/2018\/08\/dia-11-mesa-ansiedade-Ricardo-Ghelman-.pdf\" target=\"_blank\" rel=\"noopener\">A ins\u00f4nia e a ansiedade tratada pelas diferentes pr\u00e1ticas<\/a> \u2013 <span style=\"color: #ff9900;\"><em>Ricardo Ghelman<\/em><\/span><\/li>\n<li><a href=\"https:\/\/abfit.org.br\/conti-2021\/wp-content\/uploads\/2018\/08\/dia-11-mesa-ansiedade-Glaucia-Saad.pdf\" target=\"_blank\" rel=\"noopener\">A ins\u00f4nia e a ansiedade tratada pelas diferentes pr\u00e1ticas<\/a> \u2013 <span style=\"color: #ff9900;\"><em>Glaucia Saad<\/em><\/span><\/li>\n<li><a href=\"https:\/\/abfit.org.br\/conti-2021\/wp-content\/uploads\/2018\/08\/dia-11-ayurveda-Aderson-Neto.pdf\" target=\"_blank\" rel=\"noopener\">Plantas Medicinais Brasileiras na vis\u00e3o do Ayurveda<\/a>\u00a0\u2013 <em><span style=\"color: #ff9900;\">Aderson Neto<\/span><\/em><\/li>\n<li><a href=\"https:\/\/abfit.org.br\/conti-2021\/wp-content\/uploads\/2018\/08\/dia-11-pesquisa-em-fitoterapia-Maria-Behrens.pdf\" target=\"_blank\" rel=\"noopener\">Pesquisa e desenvolvimento de novos produtos fitoter\u00e1picos<\/a> \u2013 <span style=\"color: #ff9900;\"><em>Maria Behrens<\/em><\/span><\/li>\n<li><a href=\"https:\/\/abfit.org.br\/conti-2021\/wp-content\/uploads\/2018\/08\/dia-11-o-mercado-da-fitoterapia-Ana-Carolina-.pdf\" target=\"_blank\" rel=\"noopener\">Medicamentos Fitoter\u00e1picos: O que tem no mercado e o que tem a ser lan\u00e7ado?<\/a>\u00a0\u2013\u00a0<span style=\"color: #ff9900;\"><em>Ana Carolina<\/em><\/span><\/li>\n<li><a href=\"https:\/\/abfit.org.br\/conti-2021\/wp-content\/uploads\/2018\/08\/dia-11-palestra-cannabis-Elisaldo-Carlini.pdf\" target=\"_blank\" rel=\"noopener\">O uso medicinal Cannabis<\/a>\u00a0\u2013\u00a0<span style=\"color: #ff9900;\"><em>Elisaldo Carlini<\/em><\/span><\/li>\n<\/ol>\n","protected":false},"excerpt":{"rendered":"<p>Seguem as palestras realizadas durante o I CONTI-ABFIT 2018. Elas est\u00e3o dispostas na ordem que ocorreram nos dias 10 e 11 de agosto de 2018. Relembramos que os documentos s\u00e3o pass\u00edveis de cita\u00e7\u00e3o em trabalhos acad\u00eamicos. Cada palestra \u00e9 uma propriedade intelectual com todas as implica\u00e7\u00f5es de seu uso. Dia 10 Fitoterapia na dor \u2013&#8230; <\/p>\n<div class=\"link-more\"><a href=\"https:\/\/abfit.org.br\/conti-2021\/palestras\/\">Leia mais<\/a><\/div>\n","protected":false},"author":1,"featured_media":0,"parent":0,"menu_order":0,"comment_status":"closed","ping_status":"closed","template":"","meta":{"jetpack_post_was_ever_published":false,"footnotes":""},"jetpack_sharing_enabled":true,"jetpack_shortlink":"https:\/\/wp.me\/Pb7BRz-64","jetpack-related-posts":[],"_links":{"self":[{"href":"https:\/\/abfit.org.br\/conti-2021\/wp-json\/wp\/v2\/pages\/376"}],"collection":[{"href":"https:\/\/abfit.org.br\/conti-2021\/wp-json\/wp\/v2\/pages"}],"about":[{"href":"https:\/\/abfit.org.br\/conti-2021\/wp-json\/wp\/v2\/types\/page"}],"author":[{"embeddable":true,"href":"https:\/\/abfit.org.br\/conti-2021\/wp-json\/wp\/v2\/users\/1"}],"replies":[{"embeddable":true,"href":"https:\/\/abfit.org.br\/conti-2021\/wp-json\/wp\/v2\/comments?post=376"}],"version-history":[{"count":19,"href":"https:\/\/abfit.org.br\/conti-2021\/wp-json\/wp\/v2\/pages\/376\/revisions"}],"predecessor-version":[{"id":1043,"href":"https:\/\/abfit.org.br\/conti-2021\/wp-json\/wp\/v2\/pages\/376\/revisions\/1043"}],"wp:attachment":[{"href":"https:\/\/abfit.org.br\/conti-2021\/wp-json\/wp\/v2\/media?parent=376"}],"curies":[{"name":"wp","href":"https:\/\/api.w.org\/{rel}","templated":true}]}}