{"id":625,"date":"2019-07-12T16:46:28","date_gmt":"2019-07-12T19:46:28","guid":{"rendered":"http:\/\/abfit.org.br\/conti-2018\/?page_id=625"},"modified":"2021-05-10T11:18:21","modified_gmt":"2021-05-10T14:18:21","slug":"regras-de-submissao","status":"publish","type":"page","link":"https:\/\/abfit.org.br\/conti-2021\/trabalhos-cientificos\/regras-de-submissao\/","title":{"rendered":"Regras de Submiss\u00e3o"},"content":{"rendered":"<h2 style=\"text-align: center;\">APRESENTA\u00c7\u00d5ES EM FORMATO DE P\u00d4STER<br \/>\n(F\u00cdSICO E VIRTUAL)<br \/>\nREGULAMENTO T\u00c9CNICO PARA SUBMISS\u00c3O DE TRABALHOS CIENT\u00cdFICOS<\/h2>\n<p>&nbsp;<\/p>\n<h3>1) NORMAS GERAIS PARA A SUBMISS\u00c3O DE TRABALHOS CIENT\u00cdFICOS<\/h3>\n<p><em><strong>PRORROGADA para 14 de junho a submiss\u00e3o de trabalhos cient\u00edficos do II CONTI-ABFIT 2021.<\/strong><\/em><\/p>\n<p>A Comiss\u00e3o Cient\u00edfica ter\u00e1 um grande prazer em receber a inscri\u00e7\u00e3o de seu trabalho cient\u00edfico para o <strong>II\u00a0CONGRESSO NACIONAL DE TERAPIAS INTEGRADAS DA ABFIT<\/strong>.<\/p>\n<p><strong>ATEN\u00c7\u00c3O!<\/strong><\/p>\n<p><strong>Leia todas as orienta\u00e7\u00f5es abaixo antes de submeter seu trabalho cient\u00edfico. Trabalhos que estiverem fora do padr\u00e3o ser\u00e3o automaticamente descartados. Os trabalhos ser\u00e3o encaminhados para os avaliadores na forma cega, ou seja, sem as informa\u00e7\u00f5es sobre a autoria e Institui\u00e7\u00e3o de realiza\u00e7\u00e3o do trabalho, por quest\u00f5es \u00e9ticas. A decis\u00e3o da Comiss\u00e3o de Avaliadores ser\u00e1 irrevog\u00e1vel, n\u00e3o cabendo recurso de qualquer natureza.<\/strong><\/p>\n<h4>NORMAS PARA SUBMISS\u00c3O<\/h4>\n<ul>\n<li>Para a apresenta\u00e7\u00e3o do trabalho \u00e9 obrigat\u00f3rio que, pelo menos, um dos autores tenha a inscri\u00e7\u00e3o regularizada no Congresso;<\/li>\n<li>O autor que inscrever o trabalho ser\u00e1 o interlocutor e todas as informa\u00e7\u00f5es sobre o processo de avalia\u00e7\u00e3o ser\u00e3o dirigidas a ele;<\/li>\n<li>Cada trabalho inscrito dever\u00e1 ter no m\u00e1ximo seis autores;<\/li>\n<li>Cada autor poder\u00e1 enviar at\u00e9 tr\u00eas trabalhos cient\u00edficos;<\/li>\n<li>Os trabalhos cient\u00edficos poder\u00e3o ser originais, de revis\u00e3o sistem\u00e1tica e relato de caso (n\u00e3o ser\u00e3o aceitos trabalhos de revis\u00e3o narrativa e de caracteriza\u00e7\u00e3o, trabalhos apenas descritivos e sem associa\u00e7\u00f5es de dados);<\/li>\n<li>Os trabalhos dever\u00e3o ser submetidos pelo site, <strong>n\u00e3o ser\u00e3o considerados os trabalhos enviados por correio ou e-mail<\/strong>;<\/li>\n<li>S\u00f3 ser\u00e3o aceitos trabalhos enviados em <strong>portugu\u00eas<\/strong>;<\/li>\n<li>Certifique-se que a grafia digitada esteja correta, pois os nomes ser\u00e3o eletronicamente transportados para os certificados na mesma ordem em que foram digitados. Para o nome do autor correspondente aparecer no certificado, o mesmo dever\u00e1 ser inclu\u00eddo no campo de autores e coautores, sendo entregue apenas um (1) certificado por trabalho apresentado;<\/li>\n<li>O resumo encaminhado ser\u00e1 publicado sem editora\u00e7\u00e3o, ou seja, exatamente na forma que for encaminhado, assim a revis\u00e3o de portugu\u00eas ficar\u00e1 a crit\u00e9rio dos autores;<\/li>\n<li>N\u00e3o utilizar marcas registradas ou nome de empresas no t\u00edtulo ou no texto. Refer\u00eancias a produtos e servi\u00e7os n\u00e3o podem ser feitas com fins de venda ou promo\u00e7\u00e3o;<\/li>\n<li>Os trabalhos dever\u00e3o estar inseridos em uma das seguintes \u00e1reas:\n<ul>\n<li>\u00c1rea 1 \u2013 \u00a0Plantas Medicinais e Fitoterapia<\/li>\n<li>\u00c1rea 2 \u2013 Nutrac\u00eauticos e Suplementos<\/li>\n<li>\u00c1rea 3\u00a0\u2013 Sa\u00fade P\u00fablica<\/li>\n<li>\u00c1rea 4 \u2013 Farm\u00e1cia Magistral<\/li>\n<\/ul>\n<\/li>\n<\/ul>\n<p>Somente ser\u00e3o aceitos trabalhos que estiverem de acordo com as normas aqui descritas;<\/p>\n<ul>\n<li>Todos os trabalhos aprovados ser\u00e3o considerados para apresenta\u00e7\u00e3o em formato p\u00f4ster.<\/li>\n<li>A lista de trabalhos aceitos para apresenta\u00e7\u00e3o ser\u00e1 disponibilizada no site do Congresso, a partir do dia <strong>12 de julho de 2021<\/strong>.<\/li>\n<\/ul>\n<h4>SUBMISS\u00c3O DE TRABALHO<\/h4>\n<ol>\n<li>Fa\u00e7a a sua inscri\u00e7\u00e3o no congresso por meio da p\u00e1gina &#8220;<a href=\"https:\/\/abfit.org.br\/conti-2021\/inscricoes\/\">Inscri\u00e7\u00f5es<\/a>&#8220;, no menu.<\/li>\n<li>Ap\u00f3s o preenchimento dos formul\u00e1rios e a confirma\u00e7\u00e3o do pagamento de sua inscri\u00e7\u00e3o, voc\u00ea deve acessar o site com seu login e senha e clicar no menu &#8220;<a href=\"https:\/\/abfit.org.br\/conti-2021\/trabalhos-cientificos\/envio-de-trabalhos\/\">Envio de Trabalhos<\/a>&#8220;.<\/li>\n<\/ol>\n<p>Caso tenha alguma d\u00favida, entre em contato por e-mail (<a href=\"https:\/\/mail.google.com\/mail\/?view=cm&amp;fs=1&amp;tf=1&amp;to=conti@abfit.org.br\" target=\"_blank\" rel=\"noopener noreferrer\">conti@abfit.org.br<\/a>) ou telefone 21 3349-5718.<\/p>\n<p>Somente poder\u00e3o apresentar os p\u00f4steres e trabalhos orais, os autores e coautores dos trabalhos;<br \/>\nSe o(s) autor(es) de qualquer trabalho n\u00e3o puder(em) comparecer PRESENCIAL OU REMOTAMENTE ao <strong>II\u00a0CONGRESSO NACIONAL DE TERAPIAS INTEGRADAS DA ABFIT<\/strong>, ningu\u00e9m poder\u00e1 apresentar o trabalho no seu lugar, mas o p\u00f4ster poder\u00e1 ser exposto por outra pessoa;<\/p>\n<p>N\u00e3o ser\u00e3o aceitas apresenta\u00e7\u00f5es fora do hor\u00e1rio estipulado.<\/p>\n<h3>2) NORMAS PARA APRESENTA\u00c7\u00c3O DOS TRABALHOS APROVADOS<\/h3>\n<p>Os trabalhos dever\u00e3o ser afixados em \u00e1rea e data previamente definida pela Comiss\u00e3o Organizadora do evento. Os trabalhos ser\u00e3o apresentados na forma de p\u00f4steres, no tamanho: largura: m\u00e1ximo de 90 cm e altura m\u00e1xima de 1,20 m. Ser\u00e1 feita a confirma\u00e7\u00e3o para apresenta\u00e7\u00e3o do trabalho via e-mail, com a data e hor\u00e1rio pr\u00e9-estabelecidos. Nesse dia e hor\u00e1rio, o relator (apresentador) do trabalho dever\u00e1 estar presente junto ao p\u00f4ster para apresenta\u00e7\u00e3o do trabalho para a Comiss\u00e3o Cient\u00edfica, que far\u00e1 a avalia\u00e7\u00e3o do mesmo.<\/p>\n<h4>ORIENTA\u00c7\u00d5ES PARA O P\u00d4STER<\/h4>\n<p>Segue abaixo as orienta\u00e7\u00f5es para confec\u00e7\u00e3o do seu p\u00f4ster:<\/p>\n<p>Medidas: Largura 90cm e Altura 120cm.<\/p>\n<p>Conte\u00fado: Sugere-se fonte verdana, tamanho 70 ou que permita sua leitura a 1,5 m de dist\u00e2ncia. T\u00edtulo em negrito. Deve ser o mesmo da comunica\u00e7\u00e3o enviada. Autores separados com ponto e v\u00edrgula, Institui\u00e7\u00e3o (Departamento, Instituto, Unidade Hospitalar, Cidade, Estado e Pa\u00eds).<\/p>\n<p>Resumo (fixado no canto superior esquerdo, incluir palavras-chave: tr\u00eas a seis).<\/p>\n<p>Introdu\u00e7\u00e3o &#8211;\u00a0Dever\u00e1 terminar com o objetivo do trabalho.<\/p>\n<p>M\u00e9todos &#8211; Descrever com detalhes as t\u00e9cnicas utilizadas e inserir os materiais e\/ou equipamentos na descri\u00e7\u00e3o, com as respectivas marcas. Descrever as provas estat\u00edsticas empregadas. Apresentar aprova\u00e7\u00e3o do Comit\u00ea de \u00c9tica e men\u00e7\u00e3o da assinatura do Termo Livre e Esclarecido, quando recomendado.<\/p>\n<p>Resultados &#8211; Breve descri\u00e7\u00e3o com apresenta\u00e7\u00e3o de Tabelas (com t\u00edtulo em cima e notas ou defini\u00e7\u00f5es de siglas embaixo, sem linhas no interior) e Figuras (desenhos, gr\u00e1ficos, mapas\u2026 com t\u00edtulo embaixo). A estat\u00edstica dever\u00e1 fazer parte dos resultados e descrita no m\u00e9todo, quando aplic\u00e1vel.<\/p>\n<p>Conclus\u00e3o &#8211; Responder os objetivos.<\/p>\n<p>Refer\u00eancias Bibliogr\u00e1ficas (as principais, usar estilo Vancouver)<\/p>\n<h4>PREMIA\u00c7\u00c3O<\/h4>\n<p>Ser\u00e3o premiados os trabalhos com a maior pontua\u00e7\u00e3o de cada \u00e1rea.<\/p>\n<p>Os trabalhos com a segunda e terceira coloca\u00e7\u00e3o de cada \u00e1rea ser\u00e3o agraciados com \u201cCertificado de Men\u00e7\u00e3o Honrosa\u201d.<\/p>\n<h3 style=\"text-align: center;\">COMISS\u00c3O CIENT\u00cdFICA<\/h3>\n<p style=\"text-align: center;\">COORDENA\u00c7\u00c3O GERAL<br \/>\nMaria Ang\u00e9lica Fiut , Paulo Leda, Rosane Quaranta Lessa<\/p>\n<p style=\"text-align: center;\">\u00c1REA 1 &#8211; PLANTAS MEDICINAIS E FITOTERAPIA<br \/>\nCOORDENA\u00c7\u00c3O: Maria Ang\u00e9lica Fiut<\/p>\n<p style=\"text-align: center;\">\u00c1REA 2 &#8211; NUTRAC\u00caUTICOS E SUPLEMENTOS<br \/>\nCOORDENA\u00c7\u00c3O: Grabriela Deutsch<\/p>\n<p style=\"text-align: center;\">\u00c1REA 3 &#8211; SA\u00daDE P\u00daBLICA<br \/>\nCOORDENA\u00c7\u00c3O: Paulo Henrique Leda<\/p>\n<p style=\"text-align: center;\">\u00c1REA 4 &#8211; FARM\u00c1CIA MAGISTRAL<br \/>\nCOORDENA\u00c7\u00c3O: Deborah Marques<\/p>\n","protected":false},"excerpt":{"rendered":"<p>APRESENTA\u00c7\u00d5ES EM FORMATO DE P\u00d4STER (F\u00cdSICO E VIRTUAL) REGULAMENTO T\u00c9CNICO PARA SUBMISS\u00c3O DE TRABALHOS CIENT\u00cdFICOS &nbsp; 1) NORMAS GERAIS PARA A SUBMISS\u00c3O DE TRABALHOS CIENT\u00cdFICOS PRORROGADA para 14 de junho a submiss\u00e3o de trabalhos cient\u00edficos do II CONTI-ABFIT 2021. A Comiss\u00e3o Cient\u00edfica ter\u00e1 um grande prazer em receber a inscri\u00e7\u00e3o de seu trabalho cient\u00edfico para&#8230; <\/p>\n<div class=\"link-more\"><a href=\"https:\/\/abfit.org.br\/conti-2021\/trabalhos-cientificos\/regras-de-submissao\/\">Leia mais<\/a><\/div>\n","protected":false},"author":1,"featured_media":0,"parent":32,"menu_order":0,"comment_status":"closed","ping_status":"closed","template":"","meta":{"jetpack_post_was_ever_published":false,"footnotes":""},"jetpack_sharing_enabled":true,"jetpack_shortlink":"https:\/\/wp.me\/Pb7BRz-a5","jetpack-related-posts":[],"_links":{"self":[{"href":"https:\/\/abfit.org.br\/conti-2021\/wp-json\/wp\/v2\/pages\/625"}],"collection":[{"href":"https:\/\/abfit.org.br\/conti-2021\/wp-json\/wp\/v2\/pages"}],"about":[{"href":"https:\/\/abfit.org.br\/conti-2021\/wp-json\/wp\/v2\/types\/page"}],"author":[{"embeddable":true,"href":"https:\/\/abfit.org.br\/conti-2021\/wp-json\/wp\/v2\/users\/1"}],"replies":[{"embeddable":true,"href":"https:\/\/abfit.org.br\/conti-2021\/wp-json\/wp\/v2\/comments?post=625"}],"version-history":[{"count":20,"href":"https:\/\/abfit.org.br\/conti-2021\/wp-json\/wp\/v2\/pages\/625\/revisions"}],"predecessor-version":[{"id":1535,"href":"https:\/\/abfit.org.br\/conti-2021\/wp-json\/wp\/v2\/pages\/625\/revisions\/1535"}],"up":[{"embeddable":true,"href":"https:\/\/abfit.org.br\/conti-2021\/wp-json\/wp\/v2\/pages\/32"}],"wp:attachment":[{"href":"https:\/\/abfit.org.br\/conti-2021\/wp-json\/wp\/v2\/media?parent=625"}],"curies":[{"name":"wp","href":"https:\/\/api.w.org\/{rel}","templated":true}]}}