{"id":948,"date":"2021-07-26T10:07:49","date_gmt":"2021-07-26T13:07:49","guid":{"rendered":"https:\/\/abfit.org.br\/conti-2018\/?page_id=948"},"modified":"2021-07-27T09:28:19","modified_gmt":"2021-07-27T12:28:19","slug":"lista-de-aprovados","status":"publish","type":"page","link":"https:\/\/abfit.org.br\/conti-2021\/trabalhos-cientificos\/lista-de-aprovados\/","title":{"rendered":"Lista de aprovados"},"content":{"rendered":"<p style=\"text-align: center;\"><a class=\"maxbutton-4 maxbutton maxbutton-lista-de-aprovados\" target=\"_blank\" rel=\"noopener\" href=\"https:\/\/abfit.org.br\/conti-2021\/wp-content\/uploads\/lista-dos-trabalhos-aprovados.pdf\"><span class='mb-text'>Baixe a lista trabalhos cient\u00edficos aprovados<\/span><\/a><\/p>\n<h3>ORIENTA\u00c7\u00d5ES PARA O POSTER<\/h3>\n<p>Os p\u00f4steres dever\u00e3o ser fixados no dia de sua avalia\u00e7\u00e3o &#8211; at\u00e9 \u00e0s 09h e retirados ap\u00f3s \u00e0s 17h.<\/p>\n<p>Haver\u00e1 avalia\u00e7\u00e3o local nos dias 06 e 07 de agosto (observe o hor\u00e1rio no seu email). Para esta avalia\u00e7\u00e3o o autor\/apresentador dever\u00e1 apresentar o trabalho para o avaliador.<\/p>\n<p><strong>Segue abaixo as orienta\u00e7\u00f5es para confec\u00e7\u00e3o do seu p\u00f4ster:<\/strong><\/p>\n<ol>\n<li>Medidas \u2013 Largura 90cm e Altura 120cm.<\/li>\n<li>Conte\u00fado \u2013 Sugere-se fonte verdana, tamanho 70 ou que permita sua leitura a 1,5 m de dist\u00e2ncia.\n<ul>\n<li>T\u00edtulo em negrito. Deve ser o mesmo da comunica\u00e7\u00e3o enviada. Autores separados com ponto e v\u00edrgula, Institui\u00e7\u00e3o (Departamento, Instituto, Unidade Hospitalar, Cidade, Estado e Pa\u00eds).<\/li>\n<\/ul>\n<\/li>\n<li>Resumo (fixado no canto superior esquerdo, incluir palavras-chave: tr\u00eas a seis).<\/li>\n<li>Introdu\u00e7\u00e3o \u2013 Dever\u00e1 terminar com o objetivo do trabalho.<\/li>\n<li>M\u00e9todos \u2013 Descrever com detalhes as t\u00e9cnicas utilizadas e inserir os materiais e\/ou equipamentos na descri\u00e7\u00e3o, com as respectivas marcas. Descrever as provas estat\u00edsticas empregadas. Apresentar aprova\u00e7\u00e3o do Comit\u00ea de \u00c9tica e men\u00e7\u00e3o da assinatura do Termo Livre e Esclarecido, quando recomendado.<\/li>\n<li>Resultados \u2013 Breve descri\u00e7\u00e3o com apresenta\u00e7\u00e3o de Tabelas (com t\u00edtulo em cima e notas ou defini\u00e7\u00f5es de siglas embaixo, sem linhas no interior) e Figuras (desenhos, gr\u00e1ficos, mapas,&#8230;com t\u00edtulo embaixo). A estat\u00edstica dever\u00e1 fazer parte dos resultados e descrita no m\u00e9todo, quando aplic\u00e1vel.<\/li>\n<li>Conclus\u00e3o \u2013 Responder os objetivos.<\/li>\n<li>Refer\u00eancias Bibliogr\u00e1ficas (as principais, usar estilo Vancouver)<\/li>\n<\/ol>\n","protected":false},"excerpt":{"rendered":"<p>ORIENTA\u00c7\u00d5ES PARA O POSTER Os p\u00f4steres dever\u00e3o ser fixados no dia de sua avalia\u00e7\u00e3o &#8211; at\u00e9 \u00e0s 09h e retirados ap\u00f3s \u00e0s 17h. Haver\u00e1 avalia\u00e7\u00e3o local nos dias 06 e 07 de agosto (observe o hor\u00e1rio no seu email). Para esta avalia\u00e7\u00e3o o autor\/apresentador dever\u00e1 apresentar o trabalho para o avaliador. Segue abaixo as orienta\u00e7\u00f5es&#8230; <\/p>\n<div class=\"link-more\"><a href=\"https:\/\/abfit.org.br\/conti-2021\/trabalhos-cientificos\/lista-de-aprovados\/\">Leia mais<\/a><\/div>\n","protected":false},"author":1,"featured_media":0,"parent":32,"menu_order":0,"comment_status":"closed","ping_status":"closed","template":"","meta":{"jetpack_post_was_ever_published":false,"footnotes":""},"jetpack_sharing_enabled":true,"jetpack_shortlink":"https:\/\/wp.me\/Pb7BRz-fi","jetpack-related-posts":[],"_links":{"self":[{"href":"https:\/\/abfit.org.br\/conti-2021\/wp-json\/wp\/v2\/pages\/948"}],"collection":[{"href":"https:\/\/abfit.org.br\/conti-2021\/wp-json\/wp\/v2\/pages"}],"about":[{"href":"https:\/\/abfit.org.br\/conti-2021\/wp-json\/wp\/v2\/types\/page"}],"author":[{"embeddable":true,"href":"https:\/\/abfit.org.br\/conti-2021\/wp-json\/wp\/v2\/users\/1"}],"replies":[{"embeddable":true,"href":"https:\/\/abfit.org.br\/conti-2021\/wp-json\/wp\/v2\/comments?post=948"}],"version-history":[{"count":7,"href":"https:\/\/abfit.org.br\/conti-2021\/wp-json\/wp\/v2\/pages\/948\/revisions"}],"predecessor-version":[{"id":1564,"href":"https:\/\/abfit.org.br\/conti-2021\/wp-json\/wp\/v2\/pages\/948\/revisions\/1564"}],"up":[{"embeddable":true,"href":"https:\/\/abfit.org.br\/conti-2021\/wp-json\/wp\/v2\/pages\/32"}],"wp:attachment":[{"href":"https:\/\/abfit.org.br\/conti-2021\/wp-json\/wp\/v2\/media?parent=948"}],"curies":[{"name":"wp","href":"https:\/\/api.w.org\/{rel}","templated":true}]}}