{"id":1796,"date":"2024-03-08T16:40:03","date_gmt":"2024-03-08T19:40:03","guid":{"rendered":"https:\/\/abfit.org.br\/conti-2024\/?p=1796"},"modified":"2024-03-08T16:40:49","modified_gmt":"2024-03-08T19:40:49","slug":"edicoes-anteriores","status":"publish","type":"page","link":"https:\/\/abfit.org.br\/conti-2024\/edicoes-anteriores\/","title":{"rendered":"Edi\u00e7\u00f5es anteriores"},"content":{"rendered":"\n<p>O <strong><a href=\"https:\/\/abfit.org.br\/conti-2024\/ii-conti-abfit-2021\/\" data-type=\"page\" data-id=\"33\">II CONGRESSO NACIONAL DE TERAPIAS INTEGRADAS<\/a><\/strong> da ABFIT foi em formato h\u00edbrido e contou com um p\u00fablico de 650 profissionais de sa\u00fade, pesquisadores, professores e estudantes da \u00e1rea.<\/p>\n\n\n\n<p>O <strong><a href=\"https:\/\/abfit.org.br\/conti-2024\/i-conti-abfit-2018\/\" data-type=\"page\" data-id=\"1785\">I CONGRESSO NACIONAL DE TERAPIAS INTEGRADAS<\/a><\/strong> da ABFIT contou com um p\u00fablico de 250 profissionais de sa\u00fade, pesquisadores, professores e estudantes da \u00e1rea.<\/p>\n","protected":false},"excerpt":{"rendered":"<p>O II CONGRESSO NACIONAL DE TERAPIAS INTEGRADAS da ABFIT foi em formato h\u00edbrido e contou com um p\u00fablico de 650 profissionais de sa\u00fade, pesquisadores, professores e estudantes da \u00e1rea. O I CONGRESSO NACIONAL DE TERAPIAS INTEGRADAS da ABFIT contou com um p\u00fablico de 250 profissionais de sa\u00fade, pesquisadores, professores e estudantes da \u00e1rea.<\/p>\n","protected":false},"author":1,"featured_media":0,"parent":0,"menu_order":7,"comment_status":"closed","ping_status":"closed","template":"","meta":{"pgc_sgb_lightbox_settings":"","footnotes":""},"class_list":["post-1796","page","type-page","status-publish","hentry"],"_links":{"self":[{"href":"https:\/\/abfit.org.br\/conti-2024\/wp-json\/wp\/v2\/pages\/1796","targetHints":{"allow":["GET"]}}],"collection":[{"href":"https:\/\/abfit.org.br\/conti-2024\/wp-json\/wp\/v2\/pages"}],"about":[{"href":"https:\/\/abfit.org.br\/conti-2024\/wp-json\/wp\/v2\/types\/page"}],"author":[{"embeddable":true,"href":"https:\/\/abfit.org.br\/conti-2024\/wp-json\/wp\/v2\/users\/1"}],"replies":[{"embeddable":true,"href":"https:\/\/abfit.org.br\/conti-2024\/wp-json\/wp\/v2\/comments?post=1796"}],"version-history":[{"count":2,"href":"https:\/\/abfit.org.br\/conti-2024\/wp-json\/wp\/v2\/pages\/1796\/revisions"}],"predecessor-version":[{"id":1798,"href":"https:\/\/abfit.org.br\/conti-2024\/wp-json\/wp\/v2\/pages\/1796\/revisions\/1798"}],"wp:attachment":[{"href":"https:\/\/abfit.org.br\/conti-2024\/wp-json\/wp\/v2\/media?parent=1796"}],"curies":[{"name":"wp","href":"https:\/\/api.w.org\/{rel}","templated":true}]}}