{"id":30,"date":"2016-05-31T19:00:19","date_gmt":"2016-05-31T22:00:19","guid":{"rendered":"https:\/\/jornadafitorj.wordpress.com\/programacao\/"},"modified":"2024-06-17T16:56:47","modified_gmt":"2024-06-17T19:56:47","slug":"programacao","status":"publish","type":"page","link":"https:\/\/abfit.org.br\/conti-2024\/programacao\/","title":{"rendered":"Programa\u00e7\u00e3o"},"content":{"rendered":"\n<h2 class=\"wp-block-heading has-text-align-center\">GRADE DE PROGRAMA\u00c7\u00c3O PRELIMINAR<\/h2>\n\n\n\n<h3 class=\"wp-block-heading has-text-align-center\">Audit\u00f3rio Aqu\u00e1rio &#8211; Sala Benjamim Gilbert<\/h3>\n\n\n\n<h4 class=\"wp-block-heading\">DIA 06.09.2024 \u2013 sexta-feira<\/h4>\n\n\n\n<div class=\"wp-block-group\"><div class=\"wp-block-group__inner-container is-layout-constrained wp-block-group-is-layout-constrained\">\n<table id=\"tablepress-3\" class=\"tablepress tablepress-id-3\">\n<tbody class=\"row-striping row-hover\">\n<tr class=\"row-1\">\n\t<td class=\"column-1\">HOR\u00c1RIO<\/td><td class=\"column-2\">PALESTRANTE<\/td><td class=\"column-3\">TEMA<\/td>\n<\/tr>\n<tr class=\"row-2\">\n\t<td class=\"column-1\">08h00&nbsp;&#8211;&nbsp;08h30<\/td><td class=\"column-2\"><\/td><td class=\"column-3\">Secretaria &#8211; Entrega de Material<\/td>\n<\/tr>\n<tr class=\"row-3\">\n\t<td class=\"column-1\">08h30&nbsp;&#8211;&nbsp;09h15<\/td><td class=\"column-2\">Conselho Diretor ABFIT<\/td><td class=\"column-3\">Abertura Congresso \/ Panorama ABFIT- Cl\u00ednica<\/td>\n<\/tr>\n<tr class=\"row-4\">\n\t<td class=\"column-1\">09h15&nbsp;&#8211;&nbsp;10h00<\/td><td class=\"column-2\">Silvia Bretz (m\u00e9dica integrativa)<\/td><td class=\"column-3\">Fitoterapia na Promo\u00e7\u00e3o da Sa\u00fade durante o Climat\u00e9rio e Menopausa<\/td>\n<\/tr>\n<tr class=\"row-5\">\n\t<td class=\"column-1\">10h00&nbsp;&#8211;&nbsp;10h45<\/td><td class=\"column-2\"><\/td><td class=\"column-3\">COFFEE BREAK &#8211; Visita a Feira<\/td>\n<\/tr>\n<tr class=\"row-6\">\n\t<td class=\"column-1\">10h45&nbsp;&#8211;&nbsp;12h15<\/td><td class=\"column-2\">Integrantes da discuss\u00e3o: Alex Botsaris (m\u00e9dico), Nina Silva (bi\u00f3loga),<br \/>\nIsabela Braga (m\u00e9dica) e Moderando Ang\u00e9lica Fiut (nutricionista)<\/td><td class=\"column-3\">PAINEL DE DISCUSS\u00c3O: Tratando os Dist\u00farbios do Sono &#8211; Uma abordagem multidisciplinar.<\/td>\n<\/tr>\n<tr class=\"row-7\">\n\t<td class=\"column-1\">12h15&nbsp;&#8211;&nbsp;13h00<\/td><td class=\"column-2\">Adriana Azank (nutricionista)<\/td><td class=\"column-3\">Epigen\u00e9tica e as possibilidades na fitoterapia.<\/td>\n<\/tr>\n<tr class=\"row-8\">\n\t<td class=\"column-1\">13h00&nbsp;&#8211;&nbsp;14h30<\/td><td class=\"column-2\"><\/td><td class=\"column-3\">ALMO\u00c7O &#8211; Visita a Feira<\/td>\n<\/tr>\n<tr class=\"row-9\">\n\t<td class=\"column-1\">14h30&nbsp;&#8211;&nbsp;15h30<\/td><td class=\"column-2\">Integrantes da Discuss\u00e3o: Daniele Balbi (m\u00e9dica dermatologista), Luiza Archer (M\u00e9dica Dermatologista) e    Moderando: Deborah Marques<\/td><td class=\"column-3\">PAINEL DE DISCUSS\u00c3O: A realidade e a perspectiva das plantas medicinais na nutricosm\u00e9tica e nos cosmec\u00eauticos.<\/td>\n<\/tr>\n<tr class=\"row-10\">\n\t<td class=\"column-1\">15h30&nbsp;&#8211;&nbsp;16:00<\/td><td class=\"column-2\"><\/td><td class=\"column-3\">Visita a Feira<\/td>\n<\/tr>\n<tr class=\"row-11\">\n\t<td class=\"column-1\">16h00&nbsp;&#8211;&nbsp;17h30<\/td><td class=\"column-2\">Integrantes da Discuss\u00e3o: Dra. D\u00e9bora Rosa (Ginecologista natural), Larissa Vieira (Nutricionista),             Nath\u00e1lia Moraes (Fisioterapeuta P\u00e9lvica) e Moderando: Vanderli Marchiori<\/td><td class=\"column-3\">PAINEL DE DISCUSS\u00c3O: Endometriose e SOP &#8211; o recurso das pr\u00e1ticas integrativas no controle dos sintomas.<\/td>\n<\/tr>\n<\/tbody>\n<\/table>\n<!-- #tablepress-3 from cache --><\/div><\/div>\n\n\n\n<h4 class=\"wp-block-heading\">DIA 07.09.2024 \u2013 s\u00e1bado<\/h4>\n\n\n\n<div class=\"wp-block-group\"><div class=\"wp-block-group__inner-container is-layout-constrained wp-block-group-is-layout-constrained\">\n<table id=\"tablepress-4\" class=\"tablepress tablepress-id-4\">\n<tbody class=\"row-striping row-hover\">\n<tr class=\"row-1\">\n\t<td class=\"column-1\">HOR\u00c1RIO<\/td><td class=\"column-2\">PALESTRANTE<\/td><td class=\"column-3\">TEMA<\/td>\n<\/tr>\n<tr class=\"row-2\">\n\t<td class=\"column-1\">08h00&nbsp;&#8211;&nbsp;08h30<\/td><td class=\"column-2\"><\/td><td class=\"column-3\">Secretaria &#8211; Entrega de Material<\/td>\n<\/tr>\n<tr class=\"row-3\">\n\t<td class=\"column-1\">08h30&nbsp;&#8211;&nbsp;09h15<\/td><td class=\"column-2\">Gabriela Chaves (nutricionista)<\/td><td class=\"column-3\">Microbiota intestinal e a influ\u00eancia no metabolismo &#8211; como a fitoterapia pode ajudar?<\/td>\n<\/tr>\n<tr class=\"row-4\">\n\t<td class=\"column-1\">09h15&nbsp;&#8211;&nbsp;10h00<\/td><td class=\"column-2\">Meriane Pires Carvalho Lima (farmac\u00eautica)<\/td><td class=\"column-3\">Interface entre Fitoterapia e Medicina Antropos\u00f3fica.<\/td>\n<\/tr>\n<tr class=\"row-5\">\n\t<td class=\"column-1\">10h00&nbsp;&#8211;&nbsp;10h45<\/td><td class=\"column-2\"><\/td><td class=\"column-3\">COFFEE BREAK &#8211; Visita a Feira<\/td>\n<\/tr>\n<tr class=\"row-6\">\n\t<td class=\"column-1\">10h45&nbsp;&#8211;&nbsp;11h30<\/td><td class=\"column-2\">Margarete Akemi (Farmac\u00eautica)<\/td><td class=\"column-3\">Fitoterapia e sistema endocanabioide &#8211; op\u00e7\u00f5es para profissionais n\u00e3o m\u00e9dicos.<\/td>\n<\/tr>\n<tr class=\"row-7\">\n\t<td class=\"column-1\">11h30&nbsp;&#8211;&nbsp;12h15<\/td><td class=\"column-2\">Val\u00e9ria Guimar\u00e3es (Nutricionista Firjan)<\/td><td class=\"column-3\">Plantas medicinais e ind\u00fastria de alimentos e bebidas.<\/td>\n<\/tr>\n<tr class=\"row-8\">\n\t<td class=\"column-1\">12h15&nbsp;&#8211;&nbsp;13h00<\/td><td class=\"column-2\">Alcione Abreu (Enfermeira)<\/td><td class=\"column-3\">Possibilidades da fitoterapia na enfermagem.<\/td>\n<\/tr>\n<tr class=\"row-9\">\n\t<td class=\"column-1\">13h00&nbsp;&#8211;&nbsp;14h30<\/td><td class=\"column-2\"><\/td><td class=\"column-3\">ALMO\u00c7O &#8211; Visita a Feira<\/td>\n<\/tr>\n<tr class=\"row-10\">\n\t<td class=\"column-1\">14h30&nbsp;&#8211;&nbsp;15h30<\/td><td class=\"column-2\">Maria das Gra\u00e7as Lins Brand\u00e3o (Farmac\u00eautica)         <br \/>\n<\/td><td class=\"column-3\">Da tradi\u00e7\u00e3o a Ci\u00eancia &#8211; A Evolu\u00e7\u00e3o da Fitoterapia<\/td>\n<\/tr>\n<tr class=\"row-11\">\n\t<td class=\"column-1\">15h30&nbsp;&#8211;&nbsp;16h00<\/td><td class=\"column-2\"><\/td><td class=\"column-3\">Visita a Feira<\/td>\n<\/tr>\n<tr class=\"row-12\">\n\t<td class=\"column-1\">16h00&nbsp;&#8211;&nbsp;17h30<\/td><td class=\"column-2\">Integrantes da discuss\u00e3o: Maria Eline Matheus (farmac\u00eautica)   T\u00e9rcio Sousa (M\u00e9dico) Rodrigo Pacheco (M\u00e9dico)  e Moderando: Glaucia Saad (m\u00e9dica)<\/td><td class=\"column-3\">PAINEL DE DISCUSS\u00c3O: Cannabis sativa na pr\u00e1tica cl\u00ednica. Seu uso, manejo e o  impacto no resultado terap\u00eautico.<\/td>\n<\/tr>\n<\/tbody>\n<\/table>\n<!-- #tablepress-4 from cache --><\/div><\/div>\n\n\n\n<hr class=\"wp-block-separator has-alpha-channel-opacity\"\/>\n\n\n\n<h3 class=\"wp-block-heading has-text-align-center\">Espa\u00e7o Arena &#8211; Sala Terezinha Rego<\/h3>\n\n\n\n<h4 class=\"wp-block-heading\">DIA 06.09.2024 \u2013 sexta-feira<\/h4>\n\n\n\n<div class=\"wp-block-group\"><div class=\"wp-block-group__inner-container is-layout-constrained wp-block-group-is-layout-constrained\">\n<table id=\"tablepress-9\" class=\"tablepress tablepress-id-9\">\n<tbody class=\"row-striping row-hover\">\n<tr class=\"row-1\">\n\t<td class=\"column-1\">HOR\u00c1RIO<\/td><td class=\"column-2\">PALESTRANTE<\/td><td class=\"column-3\">TEMA<\/td>\n<\/tr>\n<tr class=\"row-2\">\n\t<td class=\"column-1\">09h15&nbsp;&#8211;&nbsp;10h00<\/td><td class=\"column-2\">ABRANA-RJ e Natur\u00f3logos da regi\u00e3o<\/td><td class=\"column-3\">I Encontro de Naturologia do Rio de Janeiro &#8211; Roda de experi\u00eancia em naturologia<\/td>\n<\/tr>\n<tr class=\"row-3\">\n\t<td class=\"column-1\">10h00&nbsp;&#8211;&nbsp;10h45<\/td><td class=\"column-2\"><\/td><td class=\"column-3\">COFFEE BREAK &#8211; Visita a Feira<\/td>\n<\/tr>\n<tr class=\"row-4\">\n\t<td class=\"column-1\">12h00&nbsp;&#8211;&nbsp;13h00<\/td><td class=\"column-2\">Yara Brito e Viviane Kruel          Moderador: Antonio Carlos Seixlack<\/td><td class=\"column-3\">PAINEL DE DISCUSS\u00c3O: A Import\u00e2ncia da Identifica\u00e7\u00e3o Bot\u00e2nica das Esp\u00e9cies de Plantas Medicinais nas Publica\u00e7\u00f5es<\/td>\n<\/tr>\n<tr class=\"row-5\">\n\t<td class=\"column-1\">13h00&nbsp;&#8211;&nbsp;14h00<\/td><td class=\"column-2\"><\/td><td class=\"column-3\">ALMO\u00c7O &#8211; Visita a Feira<\/td>\n<\/tr>\n<tr class=\"row-6\">\n\t<td class=\"column-1\">14h00&nbsp;&#8211;&nbsp;15h00<\/td><td class=\"column-2\">Palestrantes: Fabio Carmona e Helene Frangakis de Amorim.<br \/>\nModeradora: Leide Ferreira<\/td><td class=\"column-3\">PAINEL DE DISCUSS\u00c3O: A evolu\u00e7\u00e3o das PICS no SUS e suas perspectivas.<\/td>\n<\/tr>\n<tr class=\"row-7\">\n\t<td class=\"column-1\">15h30&nbsp;&#8211;&nbsp;16h00<\/td><td class=\"column-2\">Nat\u00e1lia Fiut (Natur\u00f3loga)<\/td><td class=\"column-3\">ESPA\u00c7O DE CUIDADO &#8211; Pr\u00e1tica de Lian Gong<\/td>\n<\/tr>\n<\/tbody>\n<\/table>\n<!-- #tablepress-9 from cache --><\/div><\/div>\n\n\n\n<h4 class=\"wp-block-heading\">DIA 07.09.2024 \u2013 s\u00e1bado<\/h4>\n\n\n\n<div class=\"wp-block-group\"><div class=\"wp-block-group__inner-container is-layout-constrained wp-block-group-is-layout-constrained\">\n<table id=\"tablepress-10\" class=\"tablepress tablepress-id-10\">\n<tbody class=\"row-striping row-hover\">\n<tr class=\"row-1\">\n\t<td class=\"column-1\">HOR\u00c1RIO<\/td><td class=\"column-2\">PALESTRANTE<\/td><td class=\"column-3\">TEMA<\/td>\n<\/tr>\n<tr class=\"row-2\">\n\t<td class=\"column-1\">08h30&nbsp;&#8211;&nbsp;10h00<\/td><td class=\"column-2\">ABRANA-RJ e Natur\u00f3logos da regi\u00e3o<\/td><td class=\"column-3\">I Encontro de Naturologia do Rio de Janeiro \u2013 Roda de experi\u00eancia em naturologia<\/td>\n<\/tr>\n<tr class=\"row-3\">\n\t<td class=\"column-1\">10h00&nbsp;&#8211;&nbsp;10h45<\/td><td class=\"column-2\"><\/td><td class=\"column-3\">COFFEE BREAK &#8211; Visita a Feira<\/td>\n<\/tr>\n<tr class=\"row-4\">\n\t<td class=\"column-1\">12h00&nbsp;&#8211;&nbsp;13h30<\/td><td class=\"column-2\">Representantes de Conselhos Federais ou Regionais &#8211; Jackeline Barbosa (Conselho Medicina), Talita Barbosa (Conselho de Farm\u00e1cia) e Sula Camargo (Conselho Nutri\u00e7\u00e3o)<br \/>\nModeradora: Deborah Marques<\/td><td class=\"column-3\">PAINEL DE DISCUSS\u00c3O: Legisla\u00e7\u00e3o de medicamentos e suplementos contendo plantas medicinais  e a interface com os conselhos de classe.<\/td>\n<\/tr>\n<tr class=\"row-5\">\n\t<td class=\"column-1\">15h30&nbsp;&#8211;&nbsp;16h00<\/td><td class=\"column-2\">Juliana Andrez Silva (Natur\u00f3loga)<\/td><td class=\"column-3\">ESPA\u00c7O DE CUIDADO &#8211; Sarau arte e cura<\/td>\n<\/tr>\n<\/tbody>\n<\/table>\n<!-- #tablepress-10 from cache --><\/div><\/div>\n","protected":false},"excerpt":{"rendered":"<p>GRADE DE PROGRAMA\u00c7\u00c3O PRELIMINAR Audit\u00f3rio Aqu\u00e1rio &#8211; Sala Benjamim Gilbert DIA 06.09.2024 \u2013 sexta-feira DIA 07.09.2024 \u2013 s\u00e1bado Espa\u00e7o Arena &#8211; Sala Terezinha Rego DIA 06.09.2024 \u2013 sexta-feira DIA 07.09.2024 \u2013 s\u00e1bado<\/p>\n","protected":false},"author":1,"featured_media":0,"parent":0,"menu_order":14,"comment_status":"closed","ping_status":"closed","template":"","meta":{"pgc_sgb_lightbox_settings":"","footnotes":""},"class_list":["post-30","page","type-page","status-publish","hentry"],"_links":{"self":[{"href":"https:\/\/abfit.org.br\/conti-2024\/wp-json\/wp\/v2\/pages\/30","targetHints":{"allow":["GET"]}}],"collection":[{"href":"https:\/\/abfit.org.br\/conti-2024\/wp-json\/wp\/v2\/pages"}],"about":[{"href":"https:\/\/abfit.org.br\/conti-2024\/wp-json\/wp\/v2\/types\/page"}],"author":[{"embeddable":true,"href":"https:\/\/abfit.org.br\/conti-2024\/wp-json\/wp\/v2\/users\/1"}],"replies":[{"embeddable":true,"href":"https:\/\/abfit.org.br\/conti-2024\/wp-json\/wp\/v2\/comments?post=30"}],"version-history":[{"count":55,"href":"https:\/\/abfit.org.br\/conti-2024\/wp-json\/wp\/v2\/pages\/30\/revisions"}],"predecessor-version":[{"id":1930,"href":"https:\/\/abfit.org.br\/conti-2024\/wp-json\/wp\/v2\/pages\/30\/revisions\/1930"}],"wp:attachment":[{"href":"https:\/\/abfit.org.br\/conti-2024\/wp-json\/wp\/v2\/media?parent=30"}],"curies":[{"name":"wp","href":"https:\/\/api.w.org\/{rel}","templated":true}]}}