{"id":34,"date":"2024-03-06T19:00:21","date_gmt":"2024-03-06T22:00:21","guid":{"rendered":"https:\/\/jornadafitorj.wordpress.com\/contato\/"},"modified":"2024-03-07T10:00:12","modified_gmt":"2024-03-07T13:00:12","slug":"contato","status":"publish","type":"page","link":"https:\/\/abfit.org.br\/conti-2024\/contato\/","title":{"rendered":"Contato"},"content":{"rendered":"\n<div class=\"wpcf7 no-js\" id=\"wpcf7-f1159-o1\" lang=\"pt-BR\" dir=\"ltr\" data-wpcf7-id=\"1159\">\n<div class=\"screen-reader-response\"><p role=\"status\" aria-live=\"polite\" aria-atomic=\"true\"><\/p> <ul><\/ul><\/div>\n<form action=\"\/conti-2024\/wp-json\/wp\/v2\/pages\/34#wpcf7-f1159-o1\" method=\"post\" class=\"wpcf7-form init\" aria-label=\"Formul\u00e1rios de contato\" novalidate=\"novalidate\" data-status=\"init\">\n<fieldset class=\"hidden-fields-container\"><input type=\"hidden\" name=\"_wpcf7\" value=\"1159\" \/><input type=\"hidden\" name=\"_wpcf7_version\" value=\"6.1.5\" \/><input type=\"hidden\" name=\"_wpcf7_locale\" value=\"pt_BR\" \/><input type=\"hidden\" name=\"_wpcf7_unit_tag\" value=\"wpcf7-f1159-o1\" \/><input type=\"hidden\" name=\"_wpcf7_container_post\" value=\"0\" \/><input type=\"hidden\" name=\"_wpcf7_posted_data_hash\" value=\"\" \/><input type=\"hidden\" name=\"_wpcf7_recaptcha_response\" value=\"\" \/>\n<\/fieldset>\n<p><span class=\"red\">*<\/span> Todos os campos s\u00e3o obrigat\u00f3rios\n<\/p>\n<p><label> Seu nome<br \/>\n<span class=\"wpcf7-form-control-wrap\" data-name=\"your-name\"><input size=\"40\" maxlength=\"400\" class=\"wpcf7-form-control wpcf7-text wpcf7-validates-as-required\" aria-required=\"true\" aria-invalid=\"false\" value=\"\" type=\"text\" name=\"your-name\" \/><\/span> <\/label>\n<\/p>\n<p><label> Seu e-mail<br \/>\n<span class=\"wpcf7-form-control-wrap\" data-name=\"your-email\"><input size=\"40\" maxlength=\"400\" class=\"wpcf7-form-control wpcf7-email wpcf7-validates-as-required wpcf7-text wpcf7-validates-as-email\" aria-required=\"true\" aria-invalid=\"false\" value=\"\" type=\"email\" name=\"your-email\" \/><\/span> <\/label>\n<\/p>\n<p><label> Assunto<br \/>\n<span class=\"wpcf7-form-control-wrap\" data-name=\"your-subject\"><input size=\"40\" maxlength=\"400\" class=\"wpcf7-form-control wpcf7-text\" aria-invalid=\"false\" value=\"\" type=\"text\" name=\"your-subject\" \/><\/span> <\/label>\n<\/p>\n<p><label> Sua mensagem<br \/>\n<span class=\"wpcf7-form-control-wrap\" data-name=\"your-message\"><textarea cols=\"40\" rows=\"10\" maxlength=\"2000\" class=\"wpcf7-form-control wpcf7-textarea\" aria-invalid=\"false\" name=\"your-message\"><\/textarea><\/span> <\/label>\n<\/p>\n<p><span class=\"wpcf7-form-control-wrap\" data-name=\"send_c\"><span class=\"wpcf7-form-control wpcf7-checkbox\"><span class=\"wpcf7-list-item first last\"><input type=\"checkbox\" name=\"send_c[]\" value=\"Enviar c\u00f3pia para mim\" \/><span class=\"wpcf7-list-item-label\">Enviar c\u00f3pia para mim<\/span><\/span><\/span><\/span>\n<\/p>\n<p><input class=\"wpcf7-form-control wpcf7-submit has-spinner\" type=\"submit\" value=\"Enviar\" \/>\n<\/p><input type='hidden' class='wpcf7-pum' value='{\"closepopup\":false,\"closedelay\":0,\"openpopup\":false,\"openpopup_id\":0}' \/><div class=\"wpcf7-response-output\" aria-hidden=\"true\"><\/div>\n<\/form>\n<\/div>\n\n<hr \/>\n<h4><strong>FALE CONOSCO<\/strong><\/h4>\n<hr \/>\n<p>21 97720-9400<\/p>\n<p><a href=\"https:\/\/mail.google.com\/mail\/?view=cm&amp;fs=1&amp;tf=1&amp;to=abfit@abfit.org.br\" target=\"_blank\" rel=\"noopener noreferrer\">abfit@abfit.org.br<\/a><\/p>\n<p>Informamos que os e-mails s\u00e3o respondidos em at\u00e9 04 dias \u00fateis ap\u00f3s o recebimento.<\/p>\n<p>Fique por dentro das novidades siga-nos no <a href=\"https:\/\/www.facebook.com\/associacaobrasileira.defitoterapia\/\">facebook<\/a> e<a href=\"https:\/\/www.instagram.com\/abfit_fitoterapia\/?hl=en\"> instagran<\/a>!<\/p>\n<p><a href=\"https:\/\/www.instagram.com\/conti.abfit\/\">instagram.com\/conti.abfit<\/a><\/p>\n<p><a href=\"https:\/\/www.facebook.com\/conti.abfit\">facebook.com\/conti.abfit<\/a><\/p>\n","protected":false},"excerpt":{"rendered":"<p>FALE CONOSCO 21 97720-9400 abfit@abfit.org.br Informamos que os e-mails s\u00e3o respondidos em at\u00e9 04 dias \u00fateis ap\u00f3s o recebimento. Fique por dentro das novidades siga-nos no facebook e instagran! instagram.com\/conti.abfit facebook.com\/conti.abfit<\/p>\n","protected":false},"author":1,"featured_media":0,"parent":0,"menu_order":10,"comment_status":"closed","ping_status":"closed","template":"","meta":{"pgc_sgb_lightbox_settings":"","footnotes":""},"class_list":["post-34","page","type-page","status-publish","hentry"],"_links":{"self":[{"href":"https:\/\/abfit.org.br\/conti-2024\/wp-json\/wp\/v2\/pages\/34","targetHints":{"allow":["GET"]}}],"collection":[{"href":"https:\/\/abfit.org.br\/conti-2024\/wp-json\/wp\/v2\/pages"}],"about":[{"href":"https:\/\/abfit.org.br\/conti-2024\/wp-json\/wp\/v2\/types\/page"}],"author":[{"embeddable":true,"href":"https:\/\/abfit.org.br\/conti-2024\/wp-json\/wp\/v2\/users\/1"}],"replies":[{"embeddable":true,"href":"https:\/\/abfit.org.br\/conti-2024\/wp-json\/wp\/v2\/comments?post=34"}],"version-history":[{"count":15,"href":"https:\/\/abfit.org.br\/conti-2024\/wp-json\/wp\/v2\/pages\/34\/revisions"}],"predecessor-version":[{"id":1755,"href":"https:\/\/abfit.org.br\/conti-2024\/wp-json\/wp\/v2\/pages\/34\/revisions\/1755"}],"wp:attachment":[{"href":"https:\/\/abfit.org.br\/conti-2024\/wp-json\/wp\/v2\/media?parent=34"}],"curies":[{"name":"wp","href":"https:\/\/api.w.org\/{rel}","templated":true}]}}