{"id":48,"date":"2024-03-06T13:51:16","date_gmt":"2024-03-06T16:51:16","guid":{"rendered":"http:\/\/abfit.org.br\/conti-2018\/?page_id=48"},"modified":"2024-04-05T12:12:58","modified_gmt":"2024-04-05T15:12:58","slug":"apresentacao","status":"publish","type":"page","link":"https:\/\/abfit.org.br\/conti-2024\/apresentacao\/","title":{"rendered":"Apresenta\u00e7\u00e3o"},"content":{"rendered":"\n<p class=\"has-text-align-center\"><strong>Prezados congressistas e apoiadores ABFIT<\/strong>,<\/p>\n\n\n\n<p class=\"has-text-align-center\">\u00c9 com imenso prazer que anunciamos o<strong>\u00a0III CONTI ABFIT 2024<\/strong>\u00a0\u2013 III CONGRESSO NACIONAL DE TERAPIAS INTEGRADAS DA ABFIT, que ir\u00e1 abrigar a\u00a0<em>IX Jornada de Fitoterapia do Rio de Janeiro<\/em>, nos dias 06 e 07 de setembro de 2024, na <a href=\"http:\/\/casafirjan.com.br\" target=\"_blank\" rel=\"noreferrer noopener\">Casa FIRJAN<\/a>, Rio de Janeiro.<\/p>\n\n\n\n<p class=\"has-text-align-center\">Com o grande sucesso e desafios que tivemos em 2018 e 2021, nesta edi\u00e7\u00e3o nosso congresso ser\u00e1 todo presencial<strong>,<\/strong> tudo pensado com muito carinho para voc\u00ea n\u00e3o ficar de fora e n\u00e3o perder um s\u00f3 detalhe deste evento que \u00e9 o mais din\u00e2mico congresso de terapias integradas do RJ.<\/p>\n\n\n\n<p class=\"has-text-align-center\">Nossos palestrantes, todos profissionais destaques nas suas \u00e1reas esperar\u00e3o voc\u00ea neste espa\u00e7o incr\u00edvel no cora\u00e7\u00e3o do Rio de Janeiro.<\/p>\n\n\n\n<p class=\"has-text-align-center\">Com seus 25 anos de exist\u00eancia a ABFIT compromete-se com ensino e pesquisa de qualidade e conta com os melhores e mais capacitados profissionais das \u00e1reas, al\u00e9m de inovadoras e fortes parcerias.<\/p>\n\n\n\n<p class=\"has-text-align-center\">Portanto, convidamos a todos os profissionais de sa\u00fade, pesquisadores, professores e estudantes da \u00e1rea a participarem desse importante evento&nbsp;ABFIT.<\/p>\n\n\n\n<p class=\"has-text-align-center\"><strong>Sejam bem-vindos!<\/strong><br><strong>MARIA ANG\u00c9LICA FIUT<\/strong><br><strong>PRESIDENTE<\/strong><\/p>\n","protected":false},"excerpt":{"rendered":"<p>Prezados congressistas e apoiadores ABFIT, \u00c9 com imenso prazer que anunciamos o\u00a0III CONTI ABFIT 2024\u00a0\u2013 III CONGRESSO NACIONAL DE TERAPIAS INTEGRADAS DA ABFIT, que ir\u00e1 abrigar a\u00a0IX Jornada de Fitoterapia do Rio de Janeiro, nos dias 06 e 07 de setembro de 2024, na Casa FIRJAN, Rio de Janeiro. Com o grande sucesso e desafios&#8230; <\/p>\n<div class=\"link-more\"><a href=\"https:\/\/abfit.org.br\/conti-2024\/apresentacao\/\">Leia mais<\/a><\/div>\n","protected":false},"author":1,"featured_media":0,"parent":0,"menu_order":3,"comment_status":"closed","ping_status":"closed","template":"","meta":{"pgc_sgb_lightbox_settings":"","footnotes":""},"class_list":["post-48","page","type-page","status-publish","hentry"],"_links":{"self":[{"href":"https:\/\/abfit.org.br\/conti-2024\/wp-json\/wp\/v2\/pages\/48","targetHints":{"allow":["GET"]}}],"collection":[{"href":"https:\/\/abfit.org.br\/conti-2024\/wp-json\/wp\/v2\/pages"}],"about":[{"href":"https:\/\/abfit.org.br\/conti-2024\/wp-json\/wp\/v2\/types\/page"}],"author":[{"embeddable":true,"href":"https:\/\/abfit.org.br\/conti-2024\/wp-json\/wp\/v2\/users\/1"}],"replies":[{"embeddable":true,"href":"https:\/\/abfit.org.br\/conti-2024\/wp-json\/wp\/v2\/comments?post=48"}],"version-history":[{"count":78,"href":"https:\/\/abfit.org.br\/conti-2024\/wp-json\/wp\/v2\/pages\/48\/revisions"}],"predecessor-version":[{"id":1826,"href":"https:\/\/abfit.org.br\/conti-2024\/wp-json\/wp\/v2\/pages\/48\/revisions\/1826"}],"wp:attachment":[{"href":"https:\/\/abfit.org.br\/conti-2024\/wp-json\/wp\/v2\/media?parent=48"}],"curies":[{"name":"wp","href":"https:\/\/api.w.org\/{rel}","templated":true}]}}