{"id":491,"date":"2024-03-06T15:42:25","date_gmt":"2024-03-06T18:42:25","guid":{"rendered":"http:\/\/abfit.org.br\/conti-2018\/?page_id=491"},"modified":"2024-03-07T09:59:57","modified_gmt":"2024-03-07T12:59:57","slug":"conheca-a-historia-da-abfit","status":"publish","type":"page","link":"https:\/\/abfit.org.br\/conti-2024\/apresentacao\/conheca-a-historia-da-abfit\/","title":{"rendered":"Conhe\u00e7a a Hist\u00f3ria da ABFIT"},"content":{"rendered":"\n<p>A&nbsp;<strong>Associa\u00e7\u00e3o Brasileira de Fitoterapia (ABFIT<\/strong>), fundada em 1998, como Instituto Brasileiro de Plantas Medicinais (IBPM), com sede no munic\u00edpio do Rio de Janeiro, participou de diversos f\u00f3runs, c\u00e2maras e grupos de trabalhos voltados para o desenvolvimento da fitoterapia no Brasil, tais como grupo de trabalho interministerial (GTI) respons\u00e1vel pela elabora\u00e7\u00e3o da Pol\u00edtica Nacional de Plantas Medicinais e Fitoter\u00e1picos (PNPMF), da C\u00e2mara T\u00e9cnica de Fitoter\u00e1picos (CATEF) da Anvisa, do Grupo de Trabalho de Fitoterapia do Conselho Regional de Medicina do RJ, da C\u00e2mara T\u00e9cnica de Fitoter\u00e1picos do Conselho Regional de Farm\u00e1cia do RJ, do Conselho Gestor do Programa de Plantas Medicinais da Itaipu Binacional, do Conselho Consultivo do Programa Regional de Apoio \u00e0 Rede de Desenvolvimento de Plantas Medicinais no Brasil, Argentina, Paraguai e Uruguai do Minist\u00e9rio do Desenvolvimento Agr\u00e1rio e Fundo Internacional de Desenvolvimento da Agricultura e da diretoria da Federa\u00e7\u00e3o Brasileira de Plantas Medicinais \u2013 FEBRAPLAME.<\/p>\n\n\n\n<p>No per\u00edodo de 2001 a 2012, a ABFIT manteve conv\u00eanio com a Escola Nacional de Sa\u00fade P\u00fablica da Funda\u00e7\u00e3o Oswaldo Cruz (ENSP\/FIOCRUZ), atrav\u00e9s do Centro de Sa\u00fade Escola Germano Sinval Faria (CSEGSF\/ENSP), local de refer\u00eancia \u00e0s atividades de ensino e pesquisa em sa\u00fade p\u00fablica, onde ofereceu atendimento especializado em fitoterapia, para forma\u00e7\u00e3o pr\u00e1tica cl\u00ednica de m\u00e9dicos e nutricionistas, capacitando-os \u00e0 prescri\u00e7\u00e3o de f\u00f3rmulas magistrais, e atendendo a comunidade de Manguinhos. Esse trabalho contou com apoio de duas farm\u00e1cias privadas (Caminho\u00e1 e Primordium) para o fornecimento dos fitoter\u00e1picos aos usu\u00e1rios do servi\u00e7o.<\/p>\n\n\n\n<p>A partir de 2012, iniciou-se conv\u00eanio entre a ABFIT e o Hospital Federal do Andara\u00ed (HFA), cuja parceria possibilitou a cria\u00e7\u00e3o de um ambulat\u00f3rio para a pr\u00e1tica cl\u00ednica da fitoterapia em \u00e2mbito hospitalar. Esse ambulat\u00f3rio tem como objetivo o atendimento com fitoter\u00e1picos e alimentos funcionais nas mais variadas patologias. O servi\u00e7o existe at\u00e9 hoje e \u00e9 prestado por profissionais vinculados a ABFIT, abriga tamb\u00e9m as aulas pr\u00e1ticas para os alunos matriculados nos cursos de fitoterapia oferecidos pela Associa\u00e7\u00e3o, propiciando um ambiente de aten\u00e7\u00e3o \u00e0 sa\u00fade e aprendizado. Neste momento possu\u00edmos quatro farm\u00e1cias privadas que apoiam o projeto (Caminho\u00e1, Quintess\u00eancia, Vitagel e For\u00e7a-Viva), al\u00e9m da Empresa Florien que fornece parte dos insumos para que o projeto possa seguir sem custo para o usu\u00e1rio.<\/p>\n\n\n\n<p>A op\u00e7\u00e3o da ABFIT por trabalhar com fitoter\u00e1picos magistrais tem por objetivo a valoriza\u00e7\u00e3o dos aspectos tradicionais e cient\u00edficos da fitoterapia e suas implica\u00e7\u00f5es nas \u00e1reas relacionadas a fitoter\u00e1picos e nutrac\u00eauticos\/alimentos funcionais, abrangendo diversas potencialidades do uso de plantas medicinais. Para aliar os conceitos de tradi\u00e7\u00e3o e ci\u00eancia, na medida do poss\u00edvel, estimulamos o tratamento individualizado, caracter\u00edstica atendida pelo medicamento magistral. Deste modo, a apresenta\u00e7\u00e3o e discuss\u00e3o das diversas pr\u00e1ticas cl\u00ednicas dos diferentes profissionais de sa\u00fade tornam-se necess\u00e1rias para que seja observada a import\u00e2ncia dos conceitos tradicionais e cient\u00edficos no momento de avaliar o paciente e definir a estrat\u00e9gia terap\u00eautica em fitoterapia. Tais conceitos tamb\u00e9m s\u00e3o importantes aliados no fortalecimento da aten\u00e7\u00e3o integral e da aten\u00e7\u00e3o b\u00e1sica \u00e0 sa\u00fade.<\/p>\n\n\n\n<p>No que se refere \u00e0 experi\u00eancia da ABFIT na \u00e1rea de qualifica\u00e7\u00e3o de profissionais de sa\u00fade, desde 1998 foram oferecidos diversos cursos presenciais e formato EAD com a participa\u00e7\u00e3o de centenas de profissionais. O conte\u00fado te\u00f3rico \u00e9 fundamentado em informa\u00e7\u00f5es tradicionais e cient\u00edficas, sobre as principais e mais modernas drogas vegetais utilizadas no tratamento das patologias mais comuns na pr\u00e1tica cl\u00ednica. Mantemos tr\u00eas modalidades de cursos circulantes: capacita\u00e7\u00e3o EAD, curso de extens\u00e3o e P\u00f3s-Gradua\u00e7\u00e3o em Fitoterapia presencial.<\/p>\n\n\n\n<p>Com o objetivo de divulgar informa\u00e7\u00f5es relacionadas as plantas medicinais e fitoterapia, j\u00e1 realizamos oito jornadas (2001, 2002, 2004, 2009, 2014, 2016, 2018 e 2021), em 2018 e 2021 realizamos o&nbsp;<strong>I &nbsp;e II Congresso de Terapias Integradas da ABFIT<\/strong>&nbsp;(CONTI-ABFIT) &nbsp;tendo como objetivo contribuir para a incorpora\u00e7\u00e3o da fitoterapia como pr\u00e1tica cl\u00ednica no SUS, atendendo \u00e0s diretrizes do sistema de sa\u00fade que s\u00e3o a garantia da qualidade, da seguran\u00e7a e da efic\u00e1cia dos recursos terap\u00eauticos institu\u00eddos, bem como da discuss\u00e3o da pr\u00e1tica cl\u00ednica entre os participantes.<\/p>\n\n\n\n<p>Contribu\u00edmos ainda na organiza\u00e7\u00e3o do I Congresso Ibero-americano de Fitoterapia \u2013 Angra dos Reis em 2004, do I Simp\u00f3sio Brasileiro de Fitoterapia \u2013 RJ em 2009, do III Congresso Ibero-americano de Fitoterapia \u2013 Paran\u00e1- 2012, al\u00e9m do Simp\u00f3sio Sete Anos do Programa Nacional de Plantas Medicinais e Fitoter\u00e1picos no Brasil- 2015.<\/p>\n\n\n\n<h3 class=\"wp-block-heading\">S\u00f3cios fundadores em 22 de setembro de 1998:<\/h3>\n\n\n\n<p><strong>Presidente de Honra<\/strong>: Dr. Francisco Jos\u00e9 de Abreu Mattos<br><strong>Presidente:<\/strong>\u00a0Luiz Carlos Marques<br><strong>Conselho Diretor:<\/strong>\u00a0Alexandros Botsaris, Maria Elizabeth de Oliveira Michilis, Ricardo Jose A. Henriques, Renato Cordeiro, Roberto leal Boorhem, Rubens Almeida L\u00facio.<br><strong>Conselho Fiscal:<\/strong>\u00a0Isabel do Amparo M. Rial, Mafalda Biagini, Maria Carmem Pirassununga Reis.<br><strong>Associados Fundadores:<\/strong>\u00a0Adelia Sizuko, Benjamin Gilbert, Daisy Pereira Terra, Fabio de Souza Menezes, Gilda Guimar\u00e3esLeit\u00e3o, Hilda Welikson, Jeane Nogueira, Maria Raquel Figueiredo, Paulo Henrique Leda, Suzana Guimar\u00e3es Leit\u00e3o, Zuleica Maria Moreira.<\/p>\n\n\n\n<h3 class=\"wp-block-heading\">Atual conselho diretor &#8211; gest\u00e3o 2022-2025:<\/h3>\n\n\n\n<p><strong>Presidente:<\/strong>\u00a0Maria Ang\u00e9lica Fiut<br><strong>Presidente de honra:<\/strong>\u00a0Benjamim Gilbert (<em>In memoriam<\/em>)<br><strong>Vice-Presidente:<\/strong>\u00a0Antonio Carlos Seixlack<br><strong>Diretor Administrativo:<\/strong> Ana Liege Gonzatto<br><strong>Diretora Adjunta:<\/strong>\u00a0Deborah Marques<br><strong>Conselho Fiscal:<\/strong>\u00a0Paulo Henrique O. Leda, Glaucia Saad e Maria Cristina Ferreira.<br><strong>Conselho Consultivo:<\/strong>\u00a0 Alex Botsaris e Liziene Arruda.<\/p>\n","protected":false},"excerpt":{"rendered":"<p>A&nbsp;Associa\u00e7\u00e3o Brasileira de Fitoterapia (ABFIT), fundada em 1998, como Instituto Brasileiro de Plantas Medicinais (IBPM), com sede no munic\u00edpio do Rio de Janeiro, participou de diversos f\u00f3runs, c\u00e2maras e grupos de trabalhos voltados para o desenvolvimento da fitoterapia no Brasil, tais como grupo de trabalho interministerial (GTI) respons\u00e1vel pela elabora\u00e7\u00e3o da Pol\u00edtica Nacional de Plantas&#8230; <\/p>\n<div class=\"link-more\"><a href=\"https:\/\/abfit.org.br\/conti-2024\/apresentacao\/conheca-a-historia-da-abfit\/\">Leia mais<\/a><\/div>\n","protected":false},"author":1,"featured_media":0,"parent":48,"menu_order":4,"comment_status":"closed","ping_status":"closed","template":"","meta":{"pgc_sgb_lightbox_settings":"","footnotes":""},"class_list":["post-491","page","type-page","status-publish","hentry"],"_links":{"self":[{"href":"https:\/\/abfit.org.br\/conti-2024\/wp-json\/wp\/v2\/pages\/491","targetHints":{"allow":["GET"]}}],"collection":[{"href":"https:\/\/abfit.org.br\/conti-2024\/wp-json\/wp\/v2\/pages"}],"about":[{"href":"https:\/\/abfit.org.br\/conti-2024\/wp-json\/wp\/v2\/types\/page"}],"author":[{"embeddable":true,"href":"https:\/\/abfit.org.br\/conti-2024\/wp-json\/wp\/v2\/users\/1"}],"replies":[{"embeddable":true,"href":"https:\/\/abfit.org.br\/conti-2024\/wp-json\/wp\/v2\/comments?post=491"}],"version-history":[{"count":13,"href":"https:\/\/abfit.org.br\/conti-2024\/wp-json\/wp\/v2\/pages\/491\/revisions"}],"predecessor-version":[{"id":1751,"href":"https:\/\/abfit.org.br\/conti-2024\/wp-json\/wp\/v2\/pages\/491\/revisions\/1751"}],"up":[{"embeddable":true,"href":"https:\/\/abfit.org.br\/conti-2024\/wp-json\/wp\/v2\/pages\/48"}],"wp:attachment":[{"href":"https:\/\/abfit.org.br\/conti-2024\/wp-json\/wp\/v2\/media?parent=491"}],"curies":[{"name":"wp","href":"https:\/\/api.w.org\/{rel}","templated":true}]}}